{"id":1989,"date":"2025-06-20T11:17:32","date_gmt":"2025-06-20T09:17:32","guid":{"rendered":"https:\/\/ancarpower.com\/sobre-nosaltres\/"},"modified":"2025-09-16T10:05:04","modified_gmt":"2025-09-16T08:05:04","slug":"sobre-nosaltres","status":"publish","type":"page","link":"https:\/\/ancarpower.com\/ca\/sobre-nosaltres\/","title":{"rendered":"Sobre nosaltres"},"content":{"rendered":"\t\t<div data-elementor-type=\"wp-page\" data-elementor-id=\"1989\" class=\"elementor elementor-1989 elementor-376\" data-elementor-post-type=\"page\">\n\t\t\t\t<div class=\"elementor-element elementor-element-79c89ca4 e-con-full e-flex e-con e-parent\" data-id=\"79c89ca4\" data-element_type=\"container\">\n\t\t<div class=\"elementor-element elementor-element-6cf09969 e-con-full e-flex e-con e-child\" data-id=\"6cf09969\" data-element_type=\"container\">\n\t\t\t\t<div class=\"elementor-element elementor-element-759c21a9 elementor-widget-mobile__width-initial elementor-widget elementor-widget-image\" data-id=\"759c21a9\" data-element_type=\"widget\" data-settings=\"{&quot;motion_fx_motion_fx_scrolling&quot;:&quot;yes&quot;,&quot;motion_fx_translateY_effect&quot;:&quot;yes&quot;,&quot;motion_fx_translateY_speed&quot;:{&quot;unit&quot;:&quot;px&quot;,&quot;size&quot;:1,&quot;sizes&quot;:[]},&quot;motion_fx_devices&quot;:[&quot;desktop&quot;,&quot;tablet&quot;],&quot;motion_fx_translateY_affectedRange&quot;:{&quot;unit&quot;:&quot;%&quot;,&quot;size&quot;:&quot;&quot;,&quot;sizes&quot;:{&quot;start&quot;:0,&quot;end&quot;:100}}}\" data-widget_type=\"image.default\">\n\t\t\t\t<div class=\"elementor-widget-container\">\n\t\t\t\t\t\t\t\t\t\t\t\t\t\t\t<img fetchpriority=\"high\" decoding=\"async\" width=\"800\" height=\"468\" src=\"https:\/\/ancarpower.com\/wp-content\/uploads\/2025\/07\/IMG_0688-1-1024x599.jpg\" class=\"attachment-large size-large wp-image-1670\" alt=\"\" srcset=\"https:\/\/ancarpower.com\/wp-content\/uploads\/2025\/07\/IMG_0688-1-1024x599.jpg 1024w, https:\/\/ancarpower.com\/wp-content\/uploads\/2025\/07\/IMG_0688-1-300x176.jpg 300w, https:\/\/ancarpower.com\/wp-content\/uploads\/2025\/07\/IMG_0688-1-768x450.jpg 768w, https:\/\/ancarpower.com\/wp-content\/uploads\/2025\/07\/IMG_0688-1-600x351.jpg 600w, https:\/\/ancarpower.com\/wp-content\/uploads\/2025\/07\/IMG_0688-1.jpg 1500w\" sizes=\"(max-width: 800px) 100vw, 800px\" \/>\t\t\t\t\t\t\t\t\t\t\t\t\t\t\t<\/div>\n\t\t\t\t<\/div>\n\t\t\t\t<div class=\"elementor-element elementor-element-35139c67 elementor-widget-mobile__width-initial elementor-widget elementor-widget-image\" data-id=\"35139c67\" data-element_type=\"widget\" data-settings=\"{&quot;motion_fx_motion_fx_scrolling&quot;:&quot;yes&quot;,&quot;motion_fx_translateY_effect&quot;:&quot;yes&quot;,&quot;motion_fx_translateY_direction&quot;:&quot;negative&quot;,&quot;motion_fx_translateY_speed&quot;:{&quot;unit&quot;:&quot;px&quot;,&quot;size&quot;:1,&quot;sizes&quot;:[]},&quot;motion_fx_devices&quot;:[&quot;desktop&quot;,&quot;tablet&quot;],&quot;motion_fx_translateY_affectedRange&quot;:{&quot;unit&quot;:&quot;%&quot;,&quot;size&quot;:&quot;&quot;,&quot;sizes&quot;:{&quot;start&quot;:0,&quot;end&quot;:100}}}\" data-widget_type=\"image.default\">\n\t\t\t\t<div class=\"elementor-widget-container\">\n\t\t\t\t\t\t\t\t\t\t\t\t\t\t\t<img decoding=\"async\" width=\"800\" height=\"600\" src=\"https:\/\/ancarpower.com\/wp-content\/uploads\/2025\/06\/IMG_5119-min-scaled-1024x768.jpg\" class=\"attachment-large size-large wp-image-1666\" alt=\"\" srcset=\"https:\/\/ancarpower.com\/wp-content\/uploads\/2025\/06\/IMG_5119-min-scaled-1024x768.jpg 1024w, https:\/\/ancarpower.com\/wp-content\/uploads\/2025\/06\/IMG_5119-min-scaled-768x576.jpg 768w, https:\/\/ancarpower.com\/wp-content\/uploads\/2025\/06\/IMG_5119-min-300x225.jpg 300w, https:\/\/ancarpower.com\/wp-content\/uploads\/2025\/06\/IMG_5119-min-scaled-600x450.jpg 600w\" sizes=\"(max-width: 800px) 100vw, 800px\" \/>\t\t\t\t\t\t\t\t\t\t\t\t\t\t\t<\/div>\n\t\t\t\t<\/div>\n\t\t\t\t<\/div>\n\t\t<div class=\"elementor-element elementor-element-5035c736 e-con-full e-flex e-con e-child\" data-id=\"5035c736\" data-element_type=\"container\">\n\t\t\t\t<div class=\"elementor-element elementor-element-3d4db729 elementor-invisible elementor-widget elementor-widget-heading\" data-id=\"3d4db729\" data-element_type=\"widget\" data-settings=\"{&quot;_animation&quot;:&quot;fadeIn&quot;}\" data-widget_type=\"heading.default\">\n\t\t\t\t<div class=\"elementor-widget-container\">\n\t\t\t\t\t<h1 class=\"elementor-heading-title elementor-size-default\">AncarPower<\/h1>\t\t\t\t<\/div>\n\t\t\t\t<\/div>\n\t\t\t\t<div class=\"elementor-element elementor-element-195c430e elementor-invisible elementor-widget elementor-widget-text-editor\" data-id=\"195c430e\" data-element_type=\"widget\" data-settings=\"{&quot;_animation&quot;:&quot;fadeIn&quot;,&quot;_animation_delay&quot;:200}\" data-widget_type=\"text-editor.default\">\n\t\t\t\t<div class=\"elementor-widget-container\">\n\t\t\t\t\t\t\t\t\t<p>A <strong data-start=\"106\" data-end=\"121\">Ancar Power<\/strong> comptem amb <strong data-start=\"135\" data-end=\"168\">m\u00e9s de 20 anys d&#8217;experi\u00e8ncia<\/strong> en <strong data-start=\"175\" data-end=\"212\">lloguer d&#8217;equips audiovisuals<\/strong> per a esdeveniments, rodatges i produccions t\u00e8cniques.<\/p><p>Treballem amb <strong data-start=\"275\" data-end=\"318\">les primeres marques i el millor material<\/strong> , oferint solucions professionals amb un servei proper i eficient des de Santa Maria de Palautordera.<\/p>\t\t\t\t\t\t\t\t<\/div>\n\t\t\t\t<\/div>\n\t\t\t\t<\/div>\n\t\t\t\t<\/div>\n\t\t<div class=\"elementor-element elementor-element-7a44fbb1 e-con-full e-flex e-con e-parent\" data-id=\"7a44fbb1\" data-element_type=\"container\">\n\t\t<div class=\"elementor-element elementor-element-76ed060e e-con-full e-flex e-con e-child\" data-id=\"76ed060e\" data-element_type=\"container\">\n\t\t\t\t<div class=\"elementor-element elementor-element-73bc8779 elementor-invisible elementor-widget elementor-widget-heading\" data-id=\"73bc8779\" data-element_type=\"widget\" data-settings=\"{&quot;_animation&quot;:&quot;fadeIn&quot;}\" data-widget_type=\"heading.default\">\n\t\t\t\t<div class=\"elementor-widget-container\">\n\t\t\t\t\t<h2 class=\"elementor-heading-title elementor-size-default\">Projectes<\/h2>\t\t\t\t<\/div>\n\t\t\t\t<\/div>\n\t\t\t\t<div class=\"elementor-element elementor-element-1ca15cec elementor-invisible elementor-widget elementor-widget-text-editor\" data-id=\"1ca15cec\" data-element_type=\"widget\" data-settings=\"{&quot;_animation&quot;:&quot;fadeIn&quot;,&quot;_animation_delay&quot;:200}\" data-widget_type=\"text-editor.default\">\n\t\t\t\t<div class=\"elementor-widget-container\">\n\t\t\t\t\t\t\t\t\t<p>Al llarg d&#8217;aquests anys, hem participat en <strong data-start=\"140\" data-end=\"177\">nombrosos projectes audiovisuals<\/strong> de tota mena, aportant la nostra experi\u00e8ncia i comprom\u00eds a cadascun.<\/p>\t\t\t\t\t\t\t\t<\/div>\n\t\t\t\t<\/div>\n\t\t\t\t<\/div>\n\t\t<div class=\"elementor-element elementor-element-4fe796fe e-con-full e-flex e-con e-child\" data-id=\"4fe796fe\" data-element_type=\"container\" data-settings=\"{&quot;background_background&quot;:&quot;classic&quot;}\">\n\t\t\t\t<\/div>\n\t\t\t\t<\/div>\n\t\t\t\t<\/div>\n\t\t","protected":false},"excerpt":{"rendered":"<p>AncarPower A Ancar Power comptem amb m\u00e9s de 20 anys d&#8217;experi\u00e8ncia en lloguer d&#8217;equips audiovisuals per a esdeveniments, rodatges i produccions t\u00e8cniques. Treballem amb les primeres marques i el millor material , oferint solucions professionals amb un servei proper i eficient des de Santa Maria de Palautordera. Projectes Al llarg d&#8217;aquests anys, hem participat en [&hellip;]<\/p>\n","protected":false},"author":2,"featured_media":0,"parent":0,"menu_order":0,"comment_status":"closed","ping_status":"closed","template":"elementor_header_footer","meta":{"footnotes":""},"class_list":["post-1989","page","type-page","status-publish","hentry"],"_links":{"self":[{"href":"https:\/\/ancarpower.com\/ca\/wp-json\/wp\/v2\/pages\/1989","targetHints":{"allow":["GET"]}}],"collection":[{"href":"https:\/\/ancarpower.com\/ca\/wp-json\/wp\/v2\/pages"}],"about":[{"href":"https:\/\/ancarpower.com\/ca\/wp-json\/wp\/v2\/types\/page"}],"author":[{"embeddable":true,"href":"https:\/\/ancarpower.com\/ca\/wp-json\/wp\/v2\/users\/2"}],"replies":[{"embeddable":true,"href":"https:\/\/ancarpower.com\/ca\/wp-json\/wp\/v2\/comments?post=1989"}],"version-history":[{"count":1,"href":"https:\/\/ancarpower.com\/ca\/wp-json\/wp\/v2\/pages\/1989\/revisions"}],"predecessor-version":[{"id":1990,"href":"https:\/\/ancarpower.com\/ca\/wp-json\/wp\/v2\/pages\/1989\/revisions\/1990"}],"wp:attachment":[{"href":"https:\/\/ancarpower.com\/ca\/wp-json\/wp\/v2\/media?parent=1989"}],"curies":[{"name":"wp","href":"https:\/\/api.w.org\/{rel}","templated":true}]}}