{"id":1801,"date":"2025-07-16T10:07:29","date_gmt":"2025-07-16T08:07:29","guid":{"rendered":"https:\/\/ancarpower.com\/producto\/torre-elevadora-moviltech-5500\/"},"modified":"2025-07-16T10:07:29","modified_gmt":"2025-07-16T08:07:29","slug":"torre-elevadora-moviltech-5500","status":"publish","type":"product","link":"https:\/\/ancarpower.com\/ca\/producto\/torre-elevadora-moviltech-5500\/","title":{"rendered":"TORRE ELEVADORA MOVILTECH 5500"},"content":{"rendered":"","protected":false},"excerpt":{"rendered":"<p>Amb una al\u00e7ada total plegada de 1,9 m. \u00e9s capa\u00e7 d&#8217;elevar 250 kg des del nivell del terra fins a una altura de 6,1 metres. <\/p>\n","protected":false},"featured_media":660,"comment_status":"open","ping_status":"closed","template":"","meta":[],"product_brand":[180],"product_cat":[215,221],"product_tag":[],"class_list":{"0":"post-1801","1":"product","2":"type-product","3":"status-publish","4":"has-post-thumbnail","6":"product_brand-mobiltechlifts","7":"product_cat-estructura-ca","8":"product_cat-torres-elevadores","10":"first","11":"instock","12":"shipping-taxable","13":"purchasable","14":"product-type-simple"},"_links":{"self":[{"href":"https:\/\/ancarpower.com\/ca\/wp-json\/wp\/v2\/product\/1801","targetHints":{"allow":["GET"]}}],"collection":[{"href":"https:\/\/ancarpower.com\/ca\/wp-json\/wp\/v2\/product"}],"about":[{"href":"https:\/\/ancarpower.com\/ca\/wp-json\/wp\/v2\/types\/product"}],"replies":[{"embeddable":true,"href":"https:\/\/ancarpower.com\/ca\/wp-json\/wp\/v2\/comments?post=1801"}],"wp:featuredmedia":[{"embeddable":true,"href":"https:\/\/ancarpower.com\/ca\/wp-json\/wp\/v2\/media\/660"}],"wp:attachment":[{"href":"https:\/\/ancarpower.com\/ca\/wp-json\/wp\/v2\/media?parent=1801"}],"wp:term":[{"taxonomy":"product_brand","embeddable":true,"href":"https:\/\/ancarpower.com\/ca\/wp-json\/wp\/v2\/product_brand?post=1801"},{"taxonomy":"product_cat","embeddable":true,"href":"https:\/\/ancarpower.com\/ca\/wp-json\/wp\/v2\/product_cat?post=1801"},{"taxonomy":"product_tag","embeddable":true,"href":"https:\/\/ancarpower.com\/ca\/wp-json\/wp\/v2\/product_tag?post=1801"}],"curies":[{"name":"wp","href":"https:\/\/api.w.org\/{rel}","templated":true}]}}