{"id":1802,"date":"2025-07-16T10:07:30","date_gmt":"2025-07-16T08:07:30","guid":{"rendered":"https:\/\/ancarpower.com\/producto\/suport-llums-base-gravity-ls331b\/"},"modified":"2025-07-16T10:07:30","modified_gmt":"2025-07-16T08:07:30","slug":"suport-llums-base-gravity-ls331b","status":"publish","type":"product","link":"https:\/\/ancarpower.com\/ca\/producto\/suport-llums-base-gravity-ls331b\/","title":{"rendered":"SUPORT LLUMS BASE GRAVITY LS331B"},"content":{"rendered":"","protected":false},"excerpt":{"rendered":"<p>El suport d&#8217;il\u00b7luminaci\u00f3 LS 331 B consta d&#8217;una base gran i pesada d&#8217;acer, que proporciona una estabilitat ferma, i un pal de 35 mm d&#8217;una extensi\u00f3 que arriba a una al\u00e7ada m\u00e0xima de 2,4 m. El pal est\u00e0 prove\u00eft en un extrem d&#8217;una rosca femella M10, <\/p>\n","protected":false},"featured_media":665,"comment_status":"open","ping_status":"closed","template":"","meta":[],"product_brand":[181],"product_cat":[215,221],"product_tag":[],"class_list":{"0":"post-1802","1":"product","2":"type-product","3":"status-publish","4":"has-post-thumbnail","6":"product_brand-gravity","7":"product_cat-estructura-ca","8":"product_cat-torres-elevadores","10":"first","11":"instock","12":"shipping-taxable","13":"purchasable","14":"product-type-simple"},"_links":{"self":[{"href":"https:\/\/ancarpower.com\/ca\/wp-json\/wp\/v2\/product\/1802","targetHints":{"allow":["GET"]}}],"collection":[{"href":"https:\/\/ancarpower.com\/ca\/wp-json\/wp\/v2\/product"}],"about":[{"href":"https:\/\/ancarpower.com\/ca\/wp-json\/wp\/v2\/types\/product"}],"replies":[{"embeddable":true,"href":"https:\/\/ancarpower.com\/ca\/wp-json\/wp\/v2\/comments?post=1802"}],"wp:featuredmedia":[{"embeddable":true,"href":"https:\/\/ancarpower.com\/ca\/wp-json\/wp\/v2\/media\/665"}],"wp:attachment":[{"href":"https:\/\/ancarpower.com\/ca\/wp-json\/wp\/v2\/media?parent=1802"}],"wp:term":[{"taxonomy":"product_brand","embeddable":true,"href":"https:\/\/ancarpower.com\/ca\/wp-json\/wp\/v2\/product_brand?post=1802"},{"taxonomy":"product_cat","embeddable":true,"href":"https:\/\/ancarpower.com\/ca\/wp-json\/wp\/v2\/product_cat?post=1802"},{"taxonomy":"product_tag","embeddable":true,"href":"https:\/\/ancarpower.com\/ca\/wp-json\/wp\/v2\/product_tag?post=1802"}],"curies":[{"name":"wp","href":"https:\/\/api.w.org\/{rel}","templated":true}]}}