{"id":1803,"date":"2025-07-16T10:07:30","date_gmt":"2025-07-16T08:07:30","guid":{"rendered":"https:\/\/ancarpower.com\/producto\/tripode-avenger-a1035cs\/"},"modified":"2025-07-16T10:07:30","modified_gmt":"2025-07-16T08:07:30","slug":"tripode-avenger-a1035cs","status":"publish","type":"product","link":"https:\/\/ancarpower.com\/ca\/producto\/tripode-avenger-a1035cs\/","title":{"rendered":"TR\u00cdPODE AVENGER A1035CS"},"content":{"rendered":"","protected":false},"excerpt":{"rendered":"<p>Tr\u00edpode Combo 35 acer Avenger A1035CS. \u00c9s un suport d&#8217;acer cromat amb 3 seccions i 2 contrapetjades. \u00c9s un suport resistent que pot suportar una c\u00e0rrega \u00fatil de fins a 40 kg i pot assolir una al\u00e7ada m\u00e0xima de 3.50 m.  <\/p>\n","protected":false},"featured_media":664,"comment_status":"open","ping_status":"closed","template":"","meta":[],"product_brand":[179],"product_cat":[215,221],"product_tag":[],"class_list":{"0":"post-1803","1":"product","2":"type-product","3":"status-publish","4":"has-post-thumbnail","6":"product_brand-avenger","7":"product_cat-estructura-ca","8":"product_cat-torres-elevadores","10":"first","11":"instock","12":"shipping-taxable","13":"purchasable","14":"product-type-simple"},"_links":{"self":[{"href":"https:\/\/ancarpower.com\/ca\/wp-json\/wp\/v2\/product\/1803","targetHints":{"allow":["GET"]}}],"collection":[{"href":"https:\/\/ancarpower.com\/ca\/wp-json\/wp\/v2\/product"}],"about":[{"href":"https:\/\/ancarpower.com\/ca\/wp-json\/wp\/v2\/types\/product"}],"replies":[{"embeddable":true,"href":"https:\/\/ancarpower.com\/ca\/wp-json\/wp\/v2\/comments?post=1803"}],"wp:featuredmedia":[{"embeddable":true,"href":"https:\/\/ancarpower.com\/ca\/wp-json\/wp\/v2\/media\/664"}],"wp:attachment":[{"href":"https:\/\/ancarpower.com\/ca\/wp-json\/wp\/v2\/media?parent=1803"}],"wp:term":[{"taxonomy":"product_brand","embeddable":true,"href":"https:\/\/ancarpower.com\/ca\/wp-json\/wp\/v2\/product_brand?post=1803"},{"taxonomy":"product_cat","embeddable":true,"href":"https:\/\/ancarpower.com\/ca\/wp-json\/wp\/v2\/product_cat?post=1803"},{"taxonomy":"product_tag","embeddable":true,"href":"https:\/\/ancarpower.com\/ca\/wp-json\/wp\/v2\/product_tag?post=1803"}],"curies":[{"name":"wp","href":"https:\/\/api.w.org\/{rel}","templated":true}]}}