{"id":1805,"date":"2025-07-16T10:07:30","date_gmt":"2025-07-16T08:07:30","guid":{"rendered":"https:\/\/ancarpower.com\/producto\/torre-elevadora-vmb-te-074\/"},"modified":"2025-07-29T11:24:45","modified_gmt":"2025-07-29T09:24:45","slug":"torre-elevadora-vmb-te-074","status":"publish","type":"product","link":"https:\/\/ancarpower.com\/ca\/producto\/torre-elevadora-vmb-te-074\/","title":{"rendered":"TORRE ELEVADORA VMB TE-074"},"content":{"rendered":"","protected":false},"excerpt":{"rendered":"<p>La torre telesc\u00f2pica TE-074 ofereix unes grans prestacions d&#8217;acord amb els alts est\u00e0ndards de VMB. Capa\u00e7 d&#8217;elevar una c\u00e0rrega de 250kg a una al\u00e7ada m\u00e0xima de 5,35m. <\/p>\n","protected":false},"featured_media":2221,"comment_status":"open","ping_status":"closed","template":"","meta":[],"product_brand":[184],"product_cat":[215,221],"product_tag":[],"class_list":{"0":"post-1805","1":"product","2":"type-product","3":"status-publish","4":"has-post-thumbnail","6":"product_brand-vmb","7":"product_cat-estructura-ca","8":"product_cat-torres-elevadores","10":"first","11":"instock","12":"shipping-taxable","13":"purchasable","14":"product-type-simple"},"_links":{"self":[{"href":"https:\/\/ancarpower.com\/ca\/wp-json\/wp\/v2\/product\/1805","targetHints":{"allow":["GET"]}}],"collection":[{"href":"https:\/\/ancarpower.com\/ca\/wp-json\/wp\/v2\/product"}],"about":[{"href":"https:\/\/ancarpower.com\/ca\/wp-json\/wp\/v2\/types\/product"}],"replies":[{"embeddable":true,"href":"https:\/\/ancarpower.com\/ca\/wp-json\/wp\/v2\/comments?post=1805"}],"wp:featuredmedia":[{"embeddable":true,"href":"https:\/\/ancarpower.com\/ca\/wp-json\/wp\/v2\/media\/2221"}],"wp:attachment":[{"href":"https:\/\/ancarpower.com\/ca\/wp-json\/wp\/v2\/media?parent=1805"}],"wp:term":[{"taxonomy":"product_brand","embeddable":true,"href":"https:\/\/ancarpower.com\/ca\/wp-json\/wp\/v2\/product_brand?post=1805"},{"taxonomy":"product_cat","embeddable":true,"href":"https:\/\/ancarpower.com\/ca\/wp-json\/wp\/v2\/product_cat?post=1805"},{"taxonomy":"product_tag","embeddable":true,"href":"https:\/\/ancarpower.com\/ca\/wp-json\/wp\/v2\/product_tag?post=1805"}],"curies":[{"name":"wp","href":"https:\/\/api.w.org\/{rel}","templated":true}]}}