{"id":1807,"date":"2025-07-16T10:07:30","date_gmt":"2025-07-16T08:07:30","guid":{"rendered":"https:\/\/ancarpower.com\/producto\/torre-elevadora-vmb-te-064\/"},"modified":"2025-07-29T11:23:21","modified_gmt":"2025-07-29T09:23:21","slug":"torre-elevadora-vmb-te-064","status":"publish","type":"product","link":"https:\/\/ancarpower.com\/ca\/producto\/torre-elevadora-vmb-te-064\/","title":{"rendered":"TORRE ELEVADORA VMB TE-064"},"content":{"rendered":"","protected":false},"excerpt":{"rendered":"<p>La torre elevadora TE-064 \u00e9s la primera de la gamma que compta amb una base d&#8217;acer i quatre rodes girat\u00f2ries de goma, per la qual cosa el transport \u00e9s molt senzill. \u00c9s capa\u00e7 d&#8217;elevar 150kg a 5,35 m. <\/p>\n","protected":false},"featured_media":2198,"comment_status":"open","ping_status":"closed","template":"","meta":[],"product_brand":[184],"product_cat":[215,221],"product_tag":[],"class_list":{"0":"post-1807","1":"product","2":"type-product","3":"status-publish","4":"has-post-thumbnail","6":"product_brand-vmb","7":"product_cat-estructura-ca","8":"product_cat-torres-elevadores","10":"first","11":"instock","12":"shipping-taxable","13":"purchasable","14":"product-type-simple"},"_links":{"self":[{"href":"https:\/\/ancarpower.com\/ca\/wp-json\/wp\/v2\/product\/1807","targetHints":{"allow":["GET"]}}],"collection":[{"href":"https:\/\/ancarpower.com\/ca\/wp-json\/wp\/v2\/product"}],"about":[{"href":"https:\/\/ancarpower.com\/ca\/wp-json\/wp\/v2\/types\/product"}],"replies":[{"embeddable":true,"href":"https:\/\/ancarpower.com\/ca\/wp-json\/wp\/v2\/comments?post=1807"}],"wp:featuredmedia":[{"embeddable":true,"href":"https:\/\/ancarpower.com\/ca\/wp-json\/wp\/v2\/media\/2198"}],"wp:attachment":[{"href":"https:\/\/ancarpower.com\/ca\/wp-json\/wp\/v2\/media?parent=1807"}],"wp:term":[{"taxonomy":"product_brand","embeddable":true,"href":"https:\/\/ancarpower.com\/ca\/wp-json\/wp\/v2\/product_brand?post=1807"},{"taxonomy":"product_cat","embeddable":true,"href":"https:\/\/ancarpower.com\/ca\/wp-json\/wp\/v2\/product_cat?post=1807"},{"taxonomy":"product_tag","embeddable":true,"href":"https:\/\/ancarpower.com\/ca\/wp-json\/wp\/v2\/product_tag?post=1807"}],"curies":[{"name":"wp","href":"https:\/\/api.w.org\/{rel}","templated":true}]}}