{"id":1809,"date":"2025-07-16T10:07:29","date_gmt":"2025-07-16T08:07:29","guid":{"rendered":"https:\/\/ancarpower.com\/producto\/torre-elevadora-vmb-tl-a240\/"},"modified":"2025-07-16T10:07:29","modified_gmt":"2025-07-16T08:07:29","slug":"torre-elevadora-vmb-tl-a240","status":"publish","type":"product","link":"https:\/\/ancarpower.com\/ca\/producto\/torre-elevadora-vmb-tl-a240\/","title":{"rendered":"TORRE ELEVADORA VMB TL-A240"},"content":{"rendered":"","protected":false},"excerpt":{"rendered":"<p>La torre d&#8217;elevaci\u00f3 TL-A240 ha estat dissenyada especialment per elevar des del terra equips de so Line Array i mantenir-los fixos a gran al\u00e7ada. La principal caracter\u00edstica daquesta torres \u00e9s que es pot treure la c\u00e0rrega 50cm de leix de la torre. <\/p>\n","protected":false},"featured_media":661,"comment_status":"open","ping_status":"closed","template":"","meta":[],"product_brand":[184],"product_cat":[215,221],"product_tag":[],"class_list":{"0":"post-1809","1":"product","2":"type-product","3":"status-publish","4":"has-post-thumbnail","6":"product_brand-vmb","7":"product_cat-estructura-ca","8":"product_cat-torres-elevadores","10":"first","11":"instock","12":"shipping-taxable","13":"purchasable","14":"product-type-simple"},"_links":{"self":[{"href":"https:\/\/ancarpower.com\/ca\/wp-json\/wp\/v2\/product\/1809","targetHints":{"allow":["GET"]}}],"collection":[{"href":"https:\/\/ancarpower.com\/ca\/wp-json\/wp\/v2\/product"}],"about":[{"href":"https:\/\/ancarpower.com\/ca\/wp-json\/wp\/v2\/types\/product"}],"replies":[{"embeddable":true,"href":"https:\/\/ancarpower.com\/ca\/wp-json\/wp\/v2\/comments?post=1809"}],"wp:featuredmedia":[{"embeddable":true,"href":"https:\/\/ancarpower.com\/ca\/wp-json\/wp\/v2\/media\/661"}],"wp:attachment":[{"href":"https:\/\/ancarpower.com\/ca\/wp-json\/wp\/v2\/media?parent=1809"}],"wp:term":[{"taxonomy":"product_brand","embeddable":true,"href":"https:\/\/ancarpower.com\/ca\/wp-json\/wp\/v2\/product_brand?post=1809"},{"taxonomy":"product_cat","embeddable":true,"href":"https:\/\/ancarpower.com\/ca\/wp-json\/wp\/v2\/product_cat?post=1809"},{"taxonomy":"product_tag","embeddable":true,"href":"https:\/\/ancarpower.com\/ca\/wp-json\/wp\/v2\/product_tag?post=1809"}],"curies":[{"name":"wp","href":"https:\/\/api.w.org\/{rel}","templated":true}]}}