{"id":1817,"date":"2025-07-16T10:07:26","date_gmt":"2025-07-16T08:07:26","guid":{"rendered":"https:\/\/ancarpower.com\/producto\/extensor-fibra-dvi-gefen\/"},"modified":"2025-07-28T13:56:49","modified_gmt":"2025-07-28T11:56:49","slug":"extensor-fibra-dvi-gefen","status":"publish","type":"product","link":"https:\/\/ancarpower.com\/ca\/producto\/extensor-fibra-dvi-gefen\/","title":{"rendered":"EXTENSOR FIBRA DVI GEFEN"},"content":{"rendered":"","protected":false},"excerpt":{"rendered":"<p>El nou extensor DVI FM-1500 ofereix una alta resoluci\u00f3 (1920\u00d71200) DVI mitjan\u00e7ant un cable de fibra simple o multimode amb terminacions de connectors SC.<\/p>\n","protected":false},"featured_media":2152,"comment_status":"open","ping_status":"closed","template":"","meta":[],"product_brand":[],"product_cat":[223,225],"product_tag":[],"class_list":{"0":"post-1817","1":"product","2":"type-product","3":"status-publish","4":"has-post-thumbnail","6":"product_cat-audiovisuals","7":"product_cat-extensors-de-senyal","9":"first","10":"instock","11":"shipping-taxable","12":"purchasable","13":"product-type-simple"},"_links":{"self":[{"href":"https:\/\/ancarpower.com\/ca\/wp-json\/wp\/v2\/product\/1817","targetHints":{"allow":["GET"]}}],"collection":[{"href":"https:\/\/ancarpower.com\/ca\/wp-json\/wp\/v2\/product"}],"about":[{"href":"https:\/\/ancarpower.com\/ca\/wp-json\/wp\/v2\/types\/product"}],"replies":[{"embeddable":true,"href":"https:\/\/ancarpower.com\/ca\/wp-json\/wp\/v2\/comments?post=1817"}],"wp:featuredmedia":[{"embeddable":true,"href":"https:\/\/ancarpower.com\/ca\/wp-json\/wp\/v2\/media\/2152"}],"wp:attachment":[{"href":"https:\/\/ancarpower.com\/ca\/wp-json\/wp\/v2\/media?parent=1817"}],"wp:term":[{"taxonomy":"product_brand","embeddable":true,"href":"https:\/\/ancarpower.com\/ca\/wp-json\/wp\/v2\/product_brand?post=1817"},{"taxonomy":"product_cat","embeddable":true,"href":"https:\/\/ancarpower.com\/ca\/wp-json\/wp\/v2\/product_cat?post=1817"},{"taxonomy":"product_tag","embeddable":true,"href":"https:\/\/ancarpower.com\/ca\/wp-json\/wp\/v2\/product_tag?post=1817"}],"curies":[{"name":"wp","href":"https:\/\/api.w.org\/{rel}","templated":true}]}}