{"id":1833,"date":"2025-07-16T10:07:25","date_gmt":"2025-07-16T08:07:25","guid":{"rendered":"https:\/\/ancarpower.com\/producto\/estacio-base-intercom-amb-cable\/"},"modified":"2025-07-16T10:07:25","modified_gmt":"2025-07-16T08:07:25","slug":"estacio-base-intercom-amb-cable","status":"publish","type":"product","link":"https:\/\/ancarpower.com\/ca\/producto\/estacio-base-intercom-amb-cable\/","title":{"rendered":"ESTACI\u00d3 BASE INTERCOM AMB CABLE"},"content":{"rendered":"","protected":false},"excerpt":{"rendered":"<p>Estaci\u00f3 principal de 2 canals amb altaveu i connector per a Headset i micro. Alimentaci\u00f3 de l\u00ednies Party Line.<\/p>\n","protected":false},"featured_media":1347,"comment_status":"open","ping_status":"closed","template":"","meta":[],"product_brand":[],"product_cat":[230,231],"product_tag":[],"class_list":{"0":"post-1833","1":"product","2":"type-product","3":"status-publish","4":"has-post-thumbnail","6":"product_cat-equips-de-so","7":"product_cat-intercoms","9":"first","10":"instock","11":"shipping-taxable","12":"purchasable","13":"product-type-simple"},"_links":{"self":[{"href":"https:\/\/ancarpower.com\/ca\/wp-json\/wp\/v2\/product\/1833","targetHints":{"allow":["GET"]}}],"collection":[{"href":"https:\/\/ancarpower.com\/ca\/wp-json\/wp\/v2\/product"}],"about":[{"href":"https:\/\/ancarpower.com\/ca\/wp-json\/wp\/v2\/types\/product"}],"replies":[{"embeddable":true,"href":"https:\/\/ancarpower.com\/ca\/wp-json\/wp\/v2\/comments?post=1833"}],"wp:featuredmedia":[{"embeddable":true,"href":"https:\/\/ancarpower.com\/ca\/wp-json\/wp\/v2\/media\/1347"}],"wp:attachment":[{"href":"https:\/\/ancarpower.com\/ca\/wp-json\/wp\/v2\/media?parent=1833"}],"wp:term":[{"taxonomy":"product_brand","embeddable":true,"href":"https:\/\/ancarpower.com\/ca\/wp-json\/wp\/v2\/product_brand?post=1833"},{"taxonomy":"product_cat","embeddable":true,"href":"https:\/\/ancarpower.com\/ca\/wp-json\/wp\/v2\/product_cat?post=1833"},{"taxonomy":"product_tag","embeddable":true,"href":"https:\/\/ancarpower.com\/ca\/wp-json\/wp\/v2\/product_tag?post=1833"}],"curies":[{"name":"wp","href":"https:\/\/api.w.org\/{rel}","templated":true}]}}