{"id":1848,"date":"2025-07-16T10:07:17","date_gmt":"2025-07-16T08:07:17","guid":{"rendered":"https:\/\/ancarpower.com\/producto\/microfon-diadema-sennheiser-hs2-1-beige\/"},"modified":"2025-07-16T10:07:17","modified_gmt":"2025-07-16T08:07:17","slug":"microfon-diadema-sennheiser-hs2-1-beige","status":"publish","type":"product","link":"https:\/\/ancarpower.com\/ca\/producto\/microfon-diadema-sennheiser-hs2-1-beige\/","title":{"rendered":"MICR\u00d2FON DIADEMA SENNHEISER HS2-1 BEIGE"},"content":{"rendered":"","protected":false},"excerpt":{"rendered":"<p>El HS 2 \u00e9s un micr\u00f2fon de diadema amb un cable d&#8217;acer molt robust per connectar-se a transmissors de butxaca sense fil. Est\u00e0 equipat amb la c\u00e0psula omnidireccional MKE 2 i satisf\u00e0 les exig\u00e8ncies m\u00e9s grans en mat\u00e8ria de resist\u00e8ncia i qualitat de so. <\/p>\n","protected":false},"featured_media":577,"comment_status":"open","ping_status":"closed","template":"","meta":[],"product_brand":[165],"product_cat":[230,234],"product_tag":[],"class_list":{"0":"post-1848","1":"product","2":"type-product","3":"status-publish","4":"has-post-thumbnail","6":"product_brand-sennheiser","7":"product_cat-equips-de-so","8":"product_cat-microfonia-i-suports","10":"first","11":"instock","12":"shipping-taxable","13":"purchasable","14":"product-type-simple"},"_links":{"self":[{"href":"https:\/\/ancarpower.com\/ca\/wp-json\/wp\/v2\/product\/1848","targetHints":{"allow":["GET"]}}],"collection":[{"href":"https:\/\/ancarpower.com\/ca\/wp-json\/wp\/v2\/product"}],"about":[{"href":"https:\/\/ancarpower.com\/ca\/wp-json\/wp\/v2\/types\/product"}],"replies":[{"embeddable":true,"href":"https:\/\/ancarpower.com\/ca\/wp-json\/wp\/v2\/comments?post=1848"}],"wp:featuredmedia":[{"embeddable":true,"href":"https:\/\/ancarpower.com\/ca\/wp-json\/wp\/v2\/media\/577"}],"wp:attachment":[{"href":"https:\/\/ancarpower.com\/ca\/wp-json\/wp\/v2\/media?parent=1848"}],"wp:term":[{"taxonomy":"product_brand","embeddable":true,"href":"https:\/\/ancarpower.com\/ca\/wp-json\/wp\/v2\/product_brand?post=1848"},{"taxonomy":"product_cat","embeddable":true,"href":"https:\/\/ancarpower.com\/ca\/wp-json\/wp\/v2\/product_cat?post=1848"},{"taxonomy":"product_tag","embeddable":true,"href":"https:\/\/ancarpower.com\/ca\/wp-json\/wp\/v2\/product_tag?post=1848"}],"curies":[{"name":"wp","href":"https:\/\/api.w.org\/{rel}","templated":true}]}}