{"id":1850,"date":"2025-07-16T10:07:14","date_gmt":"2025-07-16T08:07:14","guid":{"rendered":"https:\/\/ancarpower.com\/producto\/microfon-akg-c-411\/"},"modified":"2025-07-16T10:07:14","modified_gmt":"2025-07-16T08:07:14","slug":"microfon-akg-c-411","status":"publish","type":"product","link":"https:\/\/ancarpower.com\/ca\/producto\/microfon-akg-c-411\/","title":{"rendered":"MICR\u00d2FON AKG C 411"},"content":{"rendered":"","protected":false},"excerpt":{"rendered":"<p>El C411 \u00e9s una pastilla de vibraci\u00f3 en miniatura per a guitarra ac\u00fastica, mandolina, viol\u00ed i la majoria dels altres instruments de corda.<\/p>\n","protected":false},"featured_media":565,"comment_status":"open","ping_status":"closed","template":"","meta":[],"product_brand":[205],"product_cat":[230,234],"product_tag":[],"class_list":{"0":"post-1850","1":"product","2":"type-product","3":"status-publish","4":"has-post-thumbnail","6":"product_brand-akg","7":"product_cat-equips-de-so","8":"product_cat-microfonia-i-suports","10":"first","11":"instock","12":"shipping-taxable","13":"purchasable","14":"product-type-simple"},"_links":{"self":[{"href":"https:\/\/ancarpower.com\/ca\/wp-json\/wp\/v2\/product\/1850","targetHints":{"allow":["GET"]}}],"collection":[{"href":"https:\/\/ancarpower.com\/ca\/wp-json\/wp\/v2\/product"}],"about":[{"href":"https:\/\/ancarpower.com\/ca\/wp-json\/wp\/v2\/types\/product"}],"replies":[{"embeddable":true,"href":"https:\/\/ancarpower.com\/ca\/wp-json\/wp\/v2\/comments?post=1850"}],"wp:featuredmedia":[{"embeddable":true,"href":"https:\/\/ancarpower.com\/ca\/wp-json\/wp\/v2\/media\/565"}],"wp:attachment":[{"href":"https:\/\/ancarpower.com\/ca\/wp-json\/wp\/v2\/media?parent=1850"}],"wp:term":[{"taxonomy":"product_brand","embeddable":true,"href":"https:\/\/ancarpower.com\/ca\/wp-json\/wp\/v2\/product_brand?post=1850"},{"taxonomy":"product_cat","embeddable":true,"href":"https:\/\/ancarpower.com\/ca\/wp-json\/wp\/v2\/product_cat?post=1850"},{"taxonomy":"product_tag","embeddable":true,"href":"https:\/\/ancarpower.com\/ca\/wp-json\/wp\/v2\/product_tag?post=1850"}],"curies":[{"name":"wp","href":"https:\/\/api.w.org\/{rel}","templated":true}]}}