{"id":1870,"date":"2025-07-16T10:07:12","date_gmt":"2025-07-16T08:07:12","guid":{"rendered":"https:\/\/ancarpower.com\/producto\/emissor-sr300-iem-g3-sennheiser\/"},"modified":"2025-07-16T10:07:12","modified_gmt":"2025-07-16T08:07:12","slug":"emissor-sr300-iem-g3-sennheiser","status":"publish","type":"product","link":"https:\/\/ancarpower.com\/ca\/producto\/emissor-sr300-iem-g3-sennheiser\/","title":{"rendered":"EMISSOR SR300 IEM G3 SENNHEISER"},"content":{"rendered":"","protected":false},"excerpt":{"rendered":"<p>Transmissor est\u00e8reo per a monitoratge sense fil. 1680 freq\u00fc\u00e8ncies UHF sintonitzables. Integrat amb un equalitzador de 5 bandes. Rang d&#8217;audiofreq\u00fc\u00e8ncia optimitzat.<\/p>\n","protected":false},"featured_media":549,"comment_status":"open","ping_status":"closed","template":"","meta":[],"product_brand":[165],"product_cat":[230,235],"product_tag":[],"class_list":{"0":"post-1870","1":"product","2":"type-product","3":"status-publish","4":"has-post-thumbnail","6":"product_brand-sennheiser","7":"product_cat-equips-de-so","8":"product_cat-monitors-in-ear","10":"first","11":"instock","12":"shipping-taxable","13":"purchasable","14":"product-type-simple"},"_links":{"self":[{"href":"https:\/\/ancarpower.com\/ca\/wp-json\/wp\/v2\/product\/1870","targetHints":{"allow":["GET"]}}],"collection":[{"href":"https:\/\/ancarpower.com\/ca\/wp-json\/wp\/v2\/product"}],"about":[{"href":"https:\/\/ancarpower.com\/ca\/wp-json\/wp\/v2\/types\/product"}],"replies":[{"embeddable":true,"href":"https:\/\/ancarpower.com\/ca\/wp-json\/wp\/v2\/comments?post=1870"}],"wp:featuredmedia":[{"embeddable":true,"href":"https:\/\/ancarpower.com\/ca\/wp-json\/wp\/v2\/media\/549"}],"wp:attachment":[{"href":"https:\/\/ancarpower.com\/ca\/wp-json\/wp\/v2\/media?parent=1870"}],"wp:term":[{"taxonomy":"product_brand","embeddable":true,"href":"https:\/\/ancarpower.com\/ca\/wp-json\/wp\/v2\/product_brand?post=1870"},{"taxonomy":"product_cat","embeddable":true,"href":"https:\/\/ancarpower.com\/ca\/wp-json\/wp\/v2\/product_cat?post=1870"},{"taxonomy":"product_tag","embeddable":true,"href":"https:\/\/ancarpower.com\/ca\/wp-json\/wp\/v2\/product_tag?post=1870"}],"curies":[{"name":"wp","href":"https:\/\/api.w.org\/{rel}","templated":true}]}}