{"id":1873,"date":"2025-07-16T10:07:11","date_gmt":"2025-07-16T08:07:11","guid":{"rendered":"https:\/\/ancarpower.com\/producto\/auricular-sennheiser-ie-4\/"},"modified":"2025-07-16T10:07:11","modified_gmt":"2025-07-16T08:07:11","slug":"auricular-sennheiser-ie-4","status":"publish","type":"product","link":"https:\/\/ancarpower.com\/ca\/producto\/auricular-sennheiser-ie-4\/","title":{"rendered":"AURICULAR SENNHEISER IE-4"},"content":{"rendered":"","protected":false},"excerpt":{"rendered":"<p>Auriculars per a aplicacions de monitoritzaci\u00f3 sense fil. Els IE 4 ofereixen una qualitat extraordin\u00e0ria de so i una alta din\u00e0mica. <\/p>\n","protected":false},"featured_media":1338,"comment_status":"open","ping_status":"closed","template":"","meta":[],"product_brand":[165],"product_cat":[230,235],"product_tag":[],"class_list":{"0":"post-1873","1":"product","2":"type-product","3":"status-publish","4":"has-post-thumbnail","6":"product_brand-sennheiser","7":"product_cat-equips-de-so","8":"product_cat-monitors-in-ear","10":"first","11":"instock","12":"shipping-taxable","13":"purchasable","14":"product-type-simple"},"_links":{"self":[{"href":"https:\/\/ancarpower.com\/ca\/wp-json\/wp\/v2\/product\/1873","targetHints":{"allow":["GET"]}}],"collection":[{"href":"https:\/\/ancarpower.com\/ca\/wp-json\/wp\/v2\/product"}],"about":[{"href":"https:\/\/ancarpower.com\/ca\/wp-json\/wp\/v2\/types\/product"}],"replies":[{"embeddable":true,"href":"https:\/\/ancarpower.com\/ca\/wp-json\/wp\/v2\/comments?post=1873"}],"wp:featuredmedia":[{"embeddable":true,"href":"https:\/\/ancarpower.com\/ca\/wp-json\/wp\/v2\/media\/1338"}],"wp:attachment":[{"href":"https:\/\/ancarpower.com\/ca\/wp-json\/wp\/v2\/media?parent=1873"}],"wp:term":[{"taxonomy":"product_brand","embeddable":true,"href":"https:\/\/ancarpower.com\/ca\/wp-json\/wp\/v2\/product_brand?post=1873"},{"taxonomy":"product_cat","embeddable":true,"href":"https:\/\/ancarpower.com\/ca\/wp-json\/wp\/v2\/product_cat?post=1873"},{"taxonomy":"product_tag","embeddable":true,"href":"https:\/\/ancarpower.com\/ca\/wp-json\/wp\/v2\/product_tag?post=1873"}],"curies":[{"name":"wp","href":"https:\/\/api.w.org\/{rel}","templated":true}]}}