{"id":1879,"date":"2025-07-16T10:07:11","date_gmt":"2025-07-16T08:07:11","guid":{"rendered":"https:\/\/ancarpower.com\/producto\/taula-de-so-yamaha-dm7\/"},"modified":"2025-07-16T10:07:11","modified_gmt":"2025-07-16T08:07:11","slug":"taula-de-so-yamaha-dm7","status":"publish","type":"product","link":"https:\/\/ancarpower.com\/ca\/producto\/taula-de-so-yamaha-dm7\/","title":{"rendered":"TAULA DE SO YAMAHA DM7"},"content":{"rendered":"","protected":false},"excerpt":{"rendered":"<p>La DM7 \u00e9s una taula de barreja digital i vers\u00e0til equipada amb Dante que ofereix una qualitat de so inigualable, facilitat d\u00fas i alta fiabilitat, perfecta per a una \u00e0mplia gamma daplicaci\u00f3s. La DM7 inclou 24+4 faders i compta amb 2 pantalles multit\u00e0ctils de 12\u201d i 1 de 7\u201d. <\/p>\n","protected":false},"featured_media":1766,"comment_status":"open","ping_status":"closed","template":"","meta":[],"product_brand":[167],"product_cat":[237,230],"product_tag":[],"class_list":{"0":"post-1879","1":"product","2":"type-product","3":"status-publish","4":"has-post-thumbnail","6":"product_brand-yamaha","7":"product_cat-control-de-so-ca","8":"product_cat-equips-de-so","10":"first","11":"instock","12":"shipping-taxable","13":"purchasable","14":"product-type-simple"},"_links":{"self":[{"href":"https:\/\/ancarpower.com\/ca\/wp-json\/wp\/v2\/product\/1879","targetHints":{"allow":["GET"]}}],"collection":[{"href":"https:\/\/ancarpower.com\/ca\/wp-json\/wp\/v2\/product"}],"about":[{"href":"https:\/\/ancarpower.com\/ca\/wp-json\/wp\/v2\/types\/product"}],"replies":[{"embeddable":true,"href":"https:\/\/ancarpower.com\/ca\/wp-json\/wp\/v2\/comments?post=1879"}],"wp:featuredmedia":[{"embeddable":true,"href":"https:\/\/ancarpower.com\/ca\/wp-json\/wp\/v2\/media\/1766"}],"wp:attachment":[{"href":"https:\/\/ancarpower.com\/ca\/wp-json\/wp\/v2\/media?parent=1879"}],"wp:term":[{"taxonomy":"product_brand","embeddable":true,"href":"https:\/\/ancarpower.com\/ca\/wp-json\/wp\/v2\/product_brand?post=1879"},{"taxonomy":"product_cat","embeddable":true,"href":"https:\/\/ancarpower.com\/ca\/wp-json\/wp\/v2\/product_cat?post=1879"},{"taxonomy":"product_tag","embeddable":true,"href":"https:\/\/ancarpower.com\/ca\/wp-json\/wp\/v2\/product_tag?post=1879"}],"curies":[{"name":"wp","href":"https:\/\/api.w.org\/{rel}","templated":true}]}}