{"id":1888,"date":"2025-07-16T10:07:09","date_gmt":"2025-07-16T08:07:09","guid":{"rendered":"https:\/\/ancarpower.com\/producto\/previs-yamaha-rio-1608d2\/"},"modified":"2025-07-16T10:07:09","modified_gmt":"2025-07-16T08:07:09","slug":"previs-yamaha-rio-1608d2","status":"publish","type":"product","link":"https:\/\/ancarpower.com\/ca\/producto\/previs-yamaha-rio-1608d2\/","title":{"rendered":"PREVIS YAMAHA RIO 1608D2"},"content":{"rendered":"","protected":false},"excerpt":{"rendered":"<p>Rack d&#8217;E\/S d&#8217;altes prestacions disposa de 16 entrades anal\u00f2giques i 8 sortides anal\u00f2giques, i \u00e9s compatible amb les taules de les s\u00e8ries CL i QL de Yamaha, a m\u00e9s de la s\u00e8rie RIVAGE PM.<\/p>\n","protected":false},"featured_media":525,"comment_status":"open","ping_status":"closed","template":"","meta":[],"product_brand":[167],"product_cat":[237,230],"product_tag":[],"class_list":{"0":"post-1888","1":"product","2":"type-product","3":"status-publish","4":"has-post-thumbnail","6":"product_brand-yamaha","7":"product_cat-control-de-so-ca","8":"product_cat-equips-de-so","10":"first","11":"instock","12":"shipping-taxable","13":"purchasable","14":"product-type-simple"},"_links":{"self":[{"href":"https:\/\/ancarpower.com\/ca\/wp-json\/wp\/v2\/product\/1888","targetHints":{"allow":["GET"]}}],"collection":[{"href":"https:\/\/ancarpower.com\/ca\/wp-json\/wp\/v2\/product"}],"about":[{"href":"https:\/\/ancarpower.com\/ca\/wp-json\/wp\/v2\/types\/product"}],"replies":[{"embeddable":true,"href":"https:\/\/ancarpower.com\/ca\/wp-json\/wp\/v2\/comments?post=1888"}],"wp:featuredmedia":[{"embeddable":true,"href":"https:\/\/ancarpower.com\/ca\/wp-json\/wp\/v2\/media\/525"}],"wp:attachment":[{"href":"https:\/\/ancarpower.com\/ca\/wp-json\/wp\/v2\/media?parent=1888"}],"wp:term":[{"taxonomy":"product_brand","embeddable":true,"href":"https:\/\/ancarpower.com\/ca\/wp-json\/wp\/v2\/product_brand?post=1888"},{"taxonomy":"product_cat","embeddable":true,"href":"https:\/\/ancarpower.com\/ca\/wp-json\/wp\/v2\/product_cat?post=1888"},{"taxonomy":"product_tag","embeddable":true,"href":"https:\/\/ancarpower.com\/ca\/wp-json\/wp\/v2\/product_tag?post=1888"}],"curies":[{"name":"wp","href":"https:\/\/api.w.org\/{rel}","templated":true}]}}