{"id":1889,"date":"2025-07-16T10:07:10","date_gmt":"2025-07-16T08:07:10","guid":{"rendered":"https:\/\/ancarpower.com\/producto\/targeta-yamaha-waves-soundgrid-wsg-y16\/"},"modified":"2025-07-28T13:09:49","modified_gmt":"2025-07-28T11:09:49","slug":"targeta-yamaha-waves-soundgrid-wsg-y16","status":"publish","type":"product","link":"https:\/\/ancarpower.com\/ca\/producto\/targeta-yamaha-waves-soundgrid-wsg-y16\/","title":{"rendered":"TARGETA YAMAHA WAVES SOUNDGRID WSG Y16"},"content":{"rendered":"","protected":false},"excerpt":{"rendered":"<p>La WSG-Y16 \u00e9s una targeta mini-YGDAI que fa possible c\u00f3rrer els plugins de Waves en una selecci\u00f3 de consoles de barreja de Yamaha, usant la tecnologia SoundGrid. Juntament amb un swtich, un servidor, un Mac o un PC<\/p>\n","protected":false},"featured_media":2122,"comment_status":"open","ping_status":"closed","template":"","meta":[],"product_brand":[167],"product_cat":[237,230],"product_tag":[],"class_list":{"0":"post-1889","1":"product","2":"type-product","3":"status-publish","4":"has-post-thumbnail","6":"product_brand-yamaha","7":"product_cat-control-de-so-ca","8":"product_cat-equips-de-so","10":"first","11":"instock","12":"shipping-taxable","13":"purchasable","14":"product-type-simple"},"_links":{"self":[{"href":"https:\/\/ancarpower.com\/ca\/wp-json\/wp\/v2\/product\/1889","targetHints":{"allow":["GET"]}}],"collection":[{"href":"https:\/\/ancarpower.com\/ca\/wp-json\/wp\/v2\/product"}],"about":[{"href":"https:\/\/ancarpower.com\/ca\/wp-json\/wp\/v2\/types\/product"}],"replies":[{"embeddable":true,"href":"https:\/\/ancarpower.com\/ca\/wp-json\/wp\/v2\/comments?post=1889"}],"wp:featuredmedia":[{"embeddable":true,"href":"https:\/\/ancarpower.com\/ca\/wp-json\/wp\/v2\/media\/2122"}],"wp:attachment":[{"href":"https:\/\/ancarpower.com\/ca\/wp-json\/wp\/v2\/media?parent=1889"}],"wp:term":[{"taxonomy":"product_brand","embeddable":true,"href":"https:\/\/ancarpower.com\/ca\/wp-json\/wp\/v2\/product_brand?post=1889"},{"taxonomy":"product_cat","embeddable":true,"href":"https:\/\/ancarpower.com\/ca\/wp-json\/wp\/v2\/product_cat?post=1889"},{"taxonomy":"product_tag","embeddable":true,"href":"https:\/\/ancarpower.com\/ca\/wp-json\/wp\/v2\/product_tag?post=1889"}],"curies":[{"name":"wp","href":"https:\/\/api.w.org\/{rel}","templated":true}]}}