{"id":1893,"date":"2025-07-16T10:07:10","date_gmt":"2025-07-16T08:07:10","guid":{"rendered":"https:\/\/ancarpower.com\/producto\/processador-lake-lm-26\/"},"modified":"2025-07-16T10:07:10","modified_gmt":"2025-07-16T08:07:10","slug":"processador-lake-lm-26","status":"publish","type":"product","link":"https:\/\/ancarpower.com\/ca\/producto\/processador-lake-lm-26\/","title":{"rendered":"PROCESSADOR LAKE LM-26"},"content":{"rendered":"","protected":false},"excerpt":{"rendered":"<p>LM 26 proporciona una configuraci\u00f3 anal\u00f2gica de dues entrades\/sis sortides que \u00e9s ideal per a les funcions de crossover d&#8217;altaveus multidireccional, delay i EQ. El LM 26 tamb\u00e9 proporciona 4 \u00d7 8 E\/S digital AES3 i 4 \u00d7 8 E\/S en xarxa Dante <\/p>\n","protected":false},"featured_media":1365,"comment_status":"open","ping_status":"closed","template":"","meta":[],"product_brand":[],"product_cat":[237,230],"product_tag":[],"class_list":{"0":"post-1893","1":"product","2":"type-product","3":"status-publish","4":"has-post-thumbnail","6":"product_cat-control-de-so-ca","7":"product_cat-equips-de-so","9":"first","10":"instock","11":"shipping-taxable","12":"purchasable","13":"product-type-simple"},"_links":{"self":[{"href":"https:\/\/ancarpower.com\/ca\/wp-json\/wp\/v2\/product\/1893","targetHints":{"allow":["GET"]}}],"collection":[{"href":"https:\/\/ancarpower.com\/ca\/wp-json\/wp\/v2\/product"}],"about":[{"href":"https:\/\/ancarpower.com\/ca\/wp-json\/wp\/v2\/types\/product"}],"replies":[{"embeddable":true,"href":"https:\/\/ancarpower.com\/ca\/wp-json\/wp\/v2\/comments?post=1893"}],"wp:featuredmedia":[{"embeddable":true,"href":"https:\/\/ancarpower.com\/ca\/wp-json\/wp\/v2\/media\/1365"}],"wp:attachment":[{"href":"https:\/\/ancarpower.com\/ca\/wp-json\/wp\/v2\/media?parent=1893"}],"wp:term":[{"taxonomy":"product_brand","embeddable":true,"href":"https:\/\/ancarpower.com\/ca\/wp-json\/wp\/v2\/product_brand?post=1893"},{"taxonomy":"product_cat","embeddable":true,"href":"https:\/\/ancarpower.com\/ca\/wp-json\/wp\/v2\/product_cat?post=1893"},{"taxonomy":"product_tag","embeddable":true,"href":"https:\/\/ancarpower.com\/ca\/wp-json\/wp\/v2\/product_tag?post=1893"}],"curies":[{"name":"wp","href":"https:\/\/api.w.org\/{rel}","templated":true}]}}