{"id":1898,"date":"2025-07-16T10:07:09","date_gmt":"2025-07-16T08:07:09","guid":{"rendered":"https:\/\/ancarpower.com\/producto\/multiamplificador-l-acoustics-la8\/"},"modified":"2025-07-31T12:55:37","modified_gmt":"2025-07-31T10:55:37","slug":"multiamplificador-l-acoustics-la8","status":"publish","type":"product","link":"https:\/\/ancarpower.com\/ca\/producto\/multiamplificador-l-acoustics-la8\/","title":{"rendered":"MULTIAMPLIFICADOR L-ACOUSTICS LA8"},"content":{"rendered":"","protected":false},"excerpt":{"rendered":"<p>L-Acoustics LA8 combina, en un xass\u00eds lleuger de 2U, els recursos de 2 x 4 motors DSP que gestionen quatre canals d&#8217;amplificaci\u00f3 amb una pot\u00e8ncia de 1800 W cadascun<\/p>\n","protected":false},"featured_media":2271,"comment_status":"open","ping_status":"closed","template":"","meta":[],"product_brand":[164],"product_cat":[239,230],"product_tag":[],"class_list":{"0":"post-1898","1":"product","2":"type-product","3":"status-publish","4":"has-post-thumbnail","6":"product_brand-l-acoustics","7":"product_cat-amplificacio","8":"product_cat-equips-de-so","10":"first","11":"instock","12":"shipping-taxable","13":"purchasable","14":"product-type-simple"},"_links":{"self":[{"href":"https:\/\/ancarpower.com\/ca\/wp-json\/wp\/v2\/product\/1898","targetHints":{"allow":["GET"]}}],"collection":[{"href":"https:\/\/ancarpower.com\/ca\/wp-json\/wp\/v2\/product"}],"about":[{"href":"https:\/\/ancarpower.com\/ca\/wp-json\/wp\/v2\/types\/product"}],"replies":[{"embeddable":true,"href":"https:\/\/ancarpower.com\/ca\/wp-json\/wp\/v2\/comments?post=1898"}],"wp:featuredmedia":[{"embeddable":true,"href":"https:\/\/ancarpower.com\/ca\/wp-json\/wp\/v2\/media\/2271"}],"wp:attachment":[{"href":"https:\/\/ancarpower.com\/ca\/wp-json\/wp\/v2\/media?parent=1898"}],"wp:term":[{"taxonomy":"product_brand","embeddable":true,"href":"https:\/\/ancarpower.com\/ca\/wp-json\/wp\/v2\/product_brand?post=1898"},{"taxonomy":"product_cat","embeddable":true,"href":"https:\/\/ancarpower.com\/ca\/wp-json\/wp\/v2\/product_cat?post=1898"},{"taxonomy":"product_tag","embeddable":true,"href":"https:\/\/ancarpower.com\/ca\/wp-json\/wp\/v2\/product_tag?post=1898"}],"curies":[{"name":"wp","href":"https:\/\/api.w.org\/{rel}","templated":true}]}}