{"id":1907,"date":"2025-07-16T10:07:06","date_gmt":"2025-07-16T08:07:06","guid":{"rendered":"https:\/\/ancarpower.com\/producto\/recinte-electrovoice-etx18sp\/"},"modified":"2025-07-16T10:07:06","modified_gmt":"2025-07-16T08:07:06","slug":"recinte-electrovoice-etx18sp","status":"publish","type":"product","link":"https:\/\/ancarpower.com\/ca\/producto\/recinte-electrovoice-etx18sp\/","title":{"rendered":"RECINTE ELECTROVOICE ETX18SP"},"content":{"rendered":"","protected":false},"excerpt":{"rendered":"<p>Subwoofer professional de 18\u2033 amb 1800W de pot\u00e8ncia, resposta de freq\u00fc\u00e8ncia ultra profunda fins a 28 Hz i SPL m\u00e0xim de 135 dB<\/p>\n","protected":false},"featured_media":505,"comment_status":"open","ping_status":"closed","template":"","meta":[],"product_brand":[],"product_cat":[230,238],"product_tag":[],"class_list":{"0":"post-1907","1":"product","2":"type-product","3":"status-publish","4":"has-post-thumbnail","6":"product_cat-equips-de-so","7":"product_cat-recintes-acustics","9":"first","10":"instock","11":"shipping-taxable","12":"purchasable","13":"product-type-simple"},"_links":{"self":[{"href":"https:\/\/ancarpower.com\/ca\/wp-json\/wp\/v2\/product\/1907","targetHints":{"allow":["GET"]}}],"collection":[{"href":"https:\/\/ancarpower.com\/ca\/wp-json\/wp\/v2\/product"}],"about":[{"href":"https:\/\/ancarpower.com\/ca\/wp-json\/wp\/v2\/types\/product"}],"replies":[{"embeddable":true,"href":"https:\/\/ancarpower.com\/ca\/wp-json\/wp\/v2\/comments?post=1907"}],"wp:featuredmedia":[{"embeddable":true,"href":"https:\/\/ancarpower.com\/ca\/wp-json\/wp\/v2\/media\/505"}],"wp:attachment":[{"href":"https:\/\/ancarpower.com\/ca\/wp-json\/wp\/v2\/media?parent=1907"}],"wp:term":[{"taxonomy":"product_brand","embeddable":true,"href":"https:\/\/ancarpower.com\/ca\/wp-json\/wp\/v2\/product_brand?post=1907"},{"taxonomy":"product_cat","embeddable":true,"href":"https:\/\/ancarpower.com\/ca\/wp-json\/wp\/v2\/product_cat?post=1907"},{"taxonomy":"product_tag","embeddable":true,"href":"https:\/\/ancarpower.com\/ca\/wp-json\/wp\/v2\/product_tag?post=1907"}],"curies":[{"name":"wp","href":"https:\/\/api.w.org\/{rel}","templated":true}]}}