{"id":1910,"date":"2025-07-16T10:07:07","date_gmt":"2025-07-16T08:07:07","guid":{"rendered":"https:\/\/ancarpower.com\/producto\/recinte-k-array-pinnacle-kr202-2-x-kk102-top-1-x-kmt18\/"},"modified":"2025-07-16T10:07:07","modified_gmt":"2025-07-16T08:07:07","slug":"recinte-k-array-pinnacle-kr202-2-x-kk102-top-1-x-kmt18","status":"publish","type":"product","link":"https:\/\/ancarpower.com\/ca\/producto\/recinte-k-array-pinnacle-kr202-2-x-kk102-top-1-x-kmt18\/","title":{"rendered":"RECINTE K-ARRAY PINNACLE KR202 (2 X KK102 TOP + 1 X KMT18)"},"content":{"rendered":"","protected":false},"excerpt":{"rendered":"<p>Els sistemes Pinnacle de K-array s\u00f3n sistemes d&#8217;altaveus integrats autoamplificats i la c\u00faspide de l&#8217;\u00e0udio port\u00e0til. R\u00e0pida d&#8217;instal\u00b7lar i lleugera de manejar, la s\u00e8rie Pinnacle permet estalviar molt de temps i diners alhora que proporciona el so m\u00e9s natural d&#8217;alta qualitat<\/p>\n","protected":false},"featured_media":509,"comment_status":"open","ping_status":"closed","template":"","meta":[],"product_brand":[],"product_cat":[230,238],"product_tag":[],"class_list":{"0":"post-1910","1":"product","2":"type-product","3":"status-publish","4":"has-post-thumbnail","6":"product_cat-equips-de-so","7":"product_cat-recintes-acustics","9":"first","10":"instock","11":"shipping-taxable","12":"purchasable","13":"product-type-simple"},"_links":{"self":[{"href":"https:\/\/ancarpower.com\/ca\/wp-json\/wp\/v2\/product\/1910","targetHints":{"allow":["GET"]}}],"collection":[{"href":"https:\/\/ancarpower.com\/ca\/wp-json\/wp\/v2\/product"}],"about":[{"href":"https:\/\/ancarpower.com\/ca\/wp-json\/wp\/v2\/types\/product"}],"replies":[{"embeddable":true,"href":"https:\/\/ancarpower.com\/ca\/wp-json\/wp\/v2\/comments?post=1910"}],"wp:featuredmedia":[{"embeddable":true,"href":"https:\/\/ancarpower.com\/ca\/wp-json\/wp\/v2\/media\/509"}],"wp:attachment":[{"href":"https:\/\/ancarpower.com\/ca\/wp-json\/wp\/v2\/media?parent=1910"}],"wp:term":[{"taxonomy":"product_brand","embeddable":true,"href":"https:\/\/ancarpower.com\/ca\/wp-json\/wp\/v2\/product_brand?post=1910"},{"taxonomy":"product_cat","embeddable":true,"href":"https:\/\/ancarpower.com\/ca\/wp-json\/wp\/v2\/product_cat?post=1910"},{"taxonomy":"product_tag","embeddable":true,"href":"https:\/\/ancarpower.com\/ca\/wp-json\/wp\/v2\/product_tag?post=1910"}],"curies":[{"name":"wp","href":"https:\/\/api.w.org\/{rel}","templated":true}]}}