{"id":1930,"date":"2025-07-16T10:07:05","date_gmt":"2025-07-16T08:07:05","guid":{"rendered":"https:\/\/ancarpower.com\/producto\/taula-de-llums-ma-lighting-ma3-light\/"},"modified":"2025-07-28T10:46:52","modified_gmt":"2025-07-28T08:46:52","slug":"taula-de-llums-ma-lighting-ma3-light","status":"publish","type":"product","link":"https:\/\/ancarpower.com\/ca\/producto\/taula-de-llums-ma-lighting-ma3-light\/","title":{"rendered":"TAULA DE LLUMS MA LIGHTING MA3 LIGHT"},"content":{"rendered":"","protected":false},"excerpt":{"rendered":"<p>La consola Light grandMA3, proporciona la combinaci\u00f3 perfecta de pot\u00e8ncia i mida f\u00edsica, Control a temps real de fins a 250.000 par\u00e0metres per sessi\u00f3 en combinaci\u00f3 amb grandMA3<\/p>\n","protected":false},"featured_media":2184,"comment_status":"open","ping_status":"closed","template":"","meta":[],"product_brand":[],"product_cat":[243,240],"product_tag":[],"class_list":{"0":"post-1930","1":"product","2":"type-product","3":"status-publish","4":"has-post-thumbnail","6":"product_cat-control-de-llums","7":"product_cat-illuminacio","9":"first","10":"instock","11":"shipping-taxable","12":"purchasable","13":"product-type-simple"},"_links":{"self":[{"href":"https:\/\/ancarpower.com\/ca\/wp-json\/wp\/v2\/product\/1930","targetHints":{"allow":["GET"]}}],"collection":[{"href":"https:\/\/ancarpower.com\/ca\/wp-json\/wp\/v2\/product"}],"about":[{"href":"https:\/\/ancarpower.com\/ca\/wp-json\/wp\/v2\/types\/product"}],"replies":[{"embeddable":true,"href":"https:\/\/ancarpower.com\/ca\/wp-json\/wp\/v2\/comments?post=1930"}],"wp:featuredmedia":[{"embeddable":true,"href":"https:\/\/ancarpower.com\/ca\/wp-json\/wp\/v2\/media\/2184"}],"wp:attachment":[{"href":"https:\/\/ancarpower.com\/ca\/wp-json\/wp\/v2\/media?parent=1930"}],"wp:term":[{"taxonomy":"product_brand","embeddable":true,"href":"https:\/\/ancarpower.com\/ca\/wp-json\/wp\/v2\/product_brand?post=1930"},{"taxonomy":"product_cat","embeddable":true,"href":"https:\/\/ancarpower.com\/ca\/wp-json\/wp\/v2\/product_cat?post=1930"},{"taxonomy":"product_tag","embeddable":true,"href":"https:\/\/ancarpower.com\/ca\/wp-json\/wp\/v2\/product_tag?post=1930"}],"curies":[{"name":"wp","href":"https:\/\/api.w.org\/{rel}","templated":true}]}}