{"id":1932,"date":"2025-07-16T10:07:05","date_gmt":"2025-07-16T08:07:05","guid":{"rendered":"https:\/\/ancarpower.com\/producto\/taula-de-llums-ma-lighting-ma2-command\/"},"modified":"2025-07-29T11:08:02","modified_gmt":"2025-07-29T09:08:02","slug":"taula-de-llums-ma-lighting-ma2-command","status":"publish","type":"product","link":"https:\/\/ancarpower.com\/ca\/producto\/taula-de-llums-ma-lighting-ma2-command\/","title":{"rendered":"TAULA DE LLUMS MA LIGHTING MA2 COMMAND"},"content":{"rendered":"","protected":false},"excerpt":{"rendered":"<p>Control en temps real de 2048 par\u00e0metres en combinaci\u00f3 amb grandMA2 onPC (fins a 65536 par\u00e0metres guardats al sistema MA), 4 sortides DMX (XLR de 5 pins), 15 faders d&#8217;executor<\/p>\n","protected":false},"featured_media":2180,"comment_status":"open","ping_status":"closed","template":"","meta":[],"product_brand":[],"product_cat":[243,240],"product_tag":[],"class_list":{"0":"post-1932","1":"product","2":"type-product","3":"status-publish","4":"has-post-thumbnail","6":"product_cat-control-de-llums","7":"product_cat-illuminacio","9":"first","10":"instock","11":"shipping-taxable","12":"purchasable","13":"product-type-simple"},"_links":{"self":[{"href":"https:\/\/ancarpower.com\/ca\/wp-json\/wp\/v2\/product\/1932","targetHints":{"allow":["GET"]}}],"collection":[{"href":"https:\/\/ancarpower.com\/ca\/wp-json\/wp\/v2\/product"}],"about":[{"href":"https:\/\/ancarpower.com\/ca\/wp-json\/wp\/v2\/types\/product"}],"replies":[{"embeddable":true,"href":"https:\/\/ancarpower.com\/ca\/wp-json\/wp\/v2\/comments?post=1932"}],"wp:featuredmedia":[{"embeddable":true,"href":"https:\/\/ancarpower.com\/ca\/wp-json\/wp\/v2\/media\/2180"}],"wp:attachment":[{"href":"https:\/\/ancarpower.com\/ca\/wp-json\/wp\/v2\/media?parent=1932"}],"wp:term":[{"taxonomy":"product_brand","embeddable":true,"href":"https:\/\/ancarpower.com\/ca\/wp-json\/wp\/v2\/product_brand?post=1932"},{"taxonomy":"product_cat","embeddable":true,"href":"https:\/\/ancarpower.com\/ca\/wp-json\/wp\/v2\/product_cat?post=1932"},{"taxonomy":"product_tag","embeddable":true,"href":"https:\/\/ancarpower.com\/ca\/wp-json\/wp\/v2\/product_tag?post=1932"}],"curies":[{"name":"wp","href":"https:\/\/api.w.org\/{rel}","templated":true}]}}