{"id":1940,"date":"2025-07-16T10:07:03","date_gmt":"2025-07-16T08:07:03","guid":{"rendered":"https:\/\/ancarpower.com\/producto\/canyo-de-seguiment-robert-juliat-cyrano\/"},"modified":"2025-07-28T12:35:07","modified_gmt":"2025-07-28T10:35:07","slug":"canyo-de-seguiment-robert-juliat-cyrano","status":"publish","type":"product","link":"https:\/\/ancarpower.com\/ca\/producto\/canyo-de-seguiment-robert-juliat-cyrano\/","title":{"rendered":"CANY\u00d3 DE SEGUIMENT ROBERT JULIAT CYRANO"},"content":{"rendered":"","protected":false},"excerpt":{"rendered":"<p>2500W HMI FOLLOWSPOT CYRANO 3\/8\u00b0 ELECTRONIC PSU Can\u00f3 de seguiment HMI 2.500W. Obertura variable de 3\u00ba\/8\u00ba 230V Filtre Frost progressiu Dimmer mec\u00e0nic Filtre de correcci\u00f3 de color (CTO) Ventilador per a refredament silenci\u00f3s Inclou canvi de color de 6 colors, arrencador magn\u00e8tic i cablatge complet. Pes: 65Kg  <\/p>\n","protected":false},"featured_media":2098,"comment_status":"open","ping_status":"closed","template":"","meta":[],"product_brand":[177],"product_cat":[245,240],"product_tag":[],"class_list":{"0":"post-1940","1":"product","2":"type-product","3":"status-publish","4":"has-post-thumbnail","6":"product_brand-robert-juliat","7":"product_cat-canons-de-seguiment","8":"product_cat-illuminacio","10":"first","11":"instock","12":"shipping-taxable","13":"purchasable","14":"product-type-simple"},"_links":{"self":[{"href":"https:\/\/ancarpower.com\/ca\/wp-json\/wp\/v2\/product\/1940","targetHints":{"allow":["GET"]}}],"collection":[{"href":"https:\/\/ancarpower.com\/ca\/wp-json\/wp\/v2\/product"}],"about":[{"href":"https:\/\/ancarpower.com\/ca\/wp-json\/wp\/v2\/types\/product"}],"replies":[{"embeddable":true,"href":"https:\/\/ancarpower.com\/ca\/wp-json\/wp\/v2\/comments?post=1940"}],"wp:featuredmedia":[{"embeddable":true,"href":"https:\/\/ancarpower.com\/ca\/wp-json\/wp\/v2\/media\/2098"}],"wp:attachment":[{"href":"https:\/\/ancarpower.com\/ca\/wp-json\/wp\/v2\/media?parent=1940"}],"wp:term":[{"taxonomy":"product_brand","embeddable":true,"href":"https:\/\/ancarpower.com\/ca\/wp-json\/wp\/v2\/product_brand?post=1940"},{"taxonomy":"product_cat","embeddable":true,"href":"https:\/\/ancarpower.com\/ca\/wp-json\/wp\/v2\/product_cat?post=1940"},{"taxonomy":"product_tag","embeddable":true,"href":"https:\/\/ancarpower.com\/ca\/wp-json\/wp\/v2\/product_tag?post=1940"}],"curies":[{"name":"wp","href":"https:\/\/api.w.org\/{rel}","templated":true}]}}