{"id":1947,"date":"2025-07-16T10:07:02","date_gmt":"2025-07-16T08:07:02","guid":{"rendered":"https:\/\/ancarpower.com\/producto\/astera-asterabox-art7\/"},"modified":"2025-07-16T10:07:02","modified_gmt":"2025-07-16T08:07:02","slug":"astera-asterabox-art7","status":"publish","type":"product","link":"https:\/\/ancarpower.com\/ca\/producto\/astera-asterabox-art7\/","title":{"rendered":"ASTERA ASTERABOX ART7"},"content":{"rendered":"","protected":false},"excerpt":{"rendered":"<p>AsteraBox \u00e9s una interf\u00edcie entre els llums i el controlador. Es pot utilitzar com a transceptor DMX sense fil amb tecnologia CRMX i tamb\u00e9 funciona com a pont Bluetooth entre AsteraApp i els llums. La bateria incorporada permet una configuraci\u00f3 f\u00e0cil i estalviar temps, igual que amb tots els productes d&#8217;Astera.  <\/p>\n","protected":false},"featured_media":470,"comment_status":"open","ping_status":"closed","template":"","meta":[],"product_brand":[199],"product_cat":[240,244],"product_tag":[],"class_list":{"0":"post-1947","1":"product","2":"type-product","3":"status-publish","4":"has-post-thumbnail","6":"product_brand-astera","7":"product_cat-illuminacio","8":"product_cat-projectors-led-estatic","10":"first","11":"instock","12":"shipping-taxable","13":"purchasable","14":"product-type-simple"},"_links":{"self":[{"href":"https:\/\/ancarpower.com\/ca\/wp-json\/wp\/v2\/product\/1947","targetHints":{"allow":["GET"]}}],"collection":[{"href":"https:\/\/ancarpower.com\/ca\/wp-json\/wp\/v2\/product"}],"about":[{"href":"https:\/\/ancarpower.com\/ca\/wp-json\/wp\/v2\/types\/product"}],"replies":[{"embeddable":true,"href":"https:\/\/ancarpower.com\/ca\/wp-json\/wp\/v2\/comments?post=1947"}],"wp:featuredmedia":[{"embeddable":true,"href":"https:\/\/ancarpower.com\/ca\/wp-json\/wp\/v2\/media\/470"}],"wp:attachment":[{"href":"https:\/\/ancarpower.com\/ca\/wp-json\/wp\/v2\/media?parent=1947"}],"wp:term":[{"taxonomy":"product_brand","embeddable":true,"href":"https:\/\/ancarpower.com\/ca\/wp-json\/wp\/v2\/product_brand?post=1947"},{"taxonomy":"product_cat","embeddable":true,"href":"https:\/\/ancarpower.com\/ca\/wp-json\/wp\/v2\/product_cat?post=1947"},{"taxonomy":"product_tag","embeddable":true,"href":"https:\/\/ancarpower.com\/ca\/wp-json\/wp\/v2\/product_tag?post=1947"}],"curies":[{"name":"wp","href":"https:\/\/api.w.org\/{rel}","templated":true}]}}