{"id":1956,"date":"2025-07-16T10:07:01","date_gmt":"2025-07-16T08:07:01","guid":{"rendered":"https:\/\/ancarpower.com\/producto\/rain-cover-400-glp\/"},"modified":"2025-07-16T10:07:01","modified_gmt":"2025-07-16T08:07:01","slug":"rain-cover-400-glp","status":"publish","type":"product","link":"https:\/\/ancarpower.com\/ca\/producto\/rain-cover-400-glp\/","title":{"rendered":"RAIN COVER 400 GLP"},"content":{"rendered":"","protected":false},"excerpt":{"rendered":"<p>Rain Cover GLP Base 400 proporciona una protecci\u00f3 robusta en un acabat negre. Aquesta base duradora est\u00e0 dissenyada per protegir l&#8217;equip de la pluja i d&#8217;altres elements, oferint una soluci\u00f3 fiable per a configuracions a l&#8217;aire lliure. <\/p>\n","protected":false},"featured_media":461,"comment_status":"open","ping_status":"closed","template":"","meta":[],"product_brand":[192],"product_cat":[248,240],"product_tag":[],"class_list":{"0":"post-1956","1":"product","2":"type-product","3":"status-publish","4":"has-post-thumbnail","6":"product_brand-glp","7":"product_cat-caps-mobils","8":"product_cat-illuminacio","10":"first","11":"instock","12":"shipping-taxable","13":"purchasable","14":"product-type-simple"},"_links":{"self":[{"href":"https:\/\/ancarpower.com\/ca\/wp-json\/wp\/v2\/product\/1956","targetHints":{"allow":["GET"]}}],"collection":[{"href":"https:\/\/ancarpower.com\/ca\/wp-json\/wp\/v2\/product"}],"about":[{"href":"https:\/\/ancarpower.com\/ca\/wp-json\/wp\/v2\/types\/product"}],"replies":[{"embeddable":true,"href":"https:\/\/ancarpower.com\/ca\/wp-json\/wp\/v2\/comments?post=1956"}],"wp:featuredmedia":[{"embeddable":true,"href":"https:\/\/ancarpower.com\/ca\/wp-json\/wp\/v2\/media\/461"}],"wp:attachment":[{"href":"https:\/\/ancarpower.com\/ca\/wp-json\/wp\/v2\/media?parent=1956"}],"wp:term":[{"taxonomy":"product_brand","embeddable":true,"href":"https:\/\/ancarpower.com\/ca\/wp-json\/wp\/v2\/product_brand?post=1956"},{"taxonomy":"product_cat","embeddable":true,"href":"https:\/\/ancarpower.com\/ca\/wp-json\/wp\/v2\/product_cat?post=1956"},{"taxonomy":"product_tag","embeddable":true,"href":"https:\/\/ancarpower.com\/ca\/wp-json\/wp\/v2\/product_tag?post=1956"}],"curies":[{"name":"wp","href":"https:\/\/api.w.org\/{rel}","templated":true}]}}