{"id":1958,"date":"2025-07-16T10:07:00","date_gmt":"2025-07-16T08:07:00","guid":{"rendered":"https:\/\/ancarpower.com\/producto\/robe-spiider\/"},"modified":"2025-07-16T10:07:00","modified_gmt":"2025-07-16T08:07:00","slug":"robe-spiider","status":"publish","type":"product","link":"https:\/\/ancarpower.com\/ca\/producto\/robe-spiider\/","title":{"rendered":"ROBE SPIIDER"},"content":{"rendered":"","protected":false},"excerpt":{"rendered":"<p>Cap m\u00f2bil LED WashBeam amb 19 multixips LED RGBW potents i ultrabrillants (1 de 60W i 18 de 40W). Control individual de cada p\u00edxel RGBW per crear din\u00e0mics efectes de v\u00eddeo. <\/p>\n","protected":false},"featured_media":455,"comment_status":"open","ping_status":"closed","template":"","meta":[],"product_brand":[176],"product_cat":[248,240],"product_tag":[],"class_list":{"0":"post-1958","1":"product","2":"type-product","3":"status-publish","4":"has-post-thumbnail","6":"product_brand-robe","7":"product_cat-caps-mobils","8":"product_cat-illuminacio","10":"first","11":"instock","12":"shipping-taxable","13":"purchasable","14":"product-type-simple"},"_links":{"self":[{"href":"https:\/\/ancarpower.com\/ca\/wp-json\/wp\/v2\/product\/1958","targetHints":{"allow":["GET"]}}],"collection":[{"href":"https:\/\/ancarpower.com\/ca\/wp-json\/wp\/v2\/product"}],"about":[{"href":"https:\/\/ancarpower.com\/ca\/wp-json\/wp\/v2\/types\/product"}],"replies":[{"embeddable":true,"href":"https:\/\/ancarpower.com\/ca\/wp-json\/wp\/v2\/comments?post=1958"}],"wp:featuredmedia":[{"embeddable":true,"href":"https:\/\/ancarpower.com\/ca\/wp-json\/wp\/v2\/media\/455"}],"wp:attachment":[{"href":"https:\/\/ancarpower.com\/ca\/wp-json\/wp\/v2\/media?parent=1958"}],"wp:term":[{"taxonomy":"product_brand","embeddable":true,"href":"https:\/\/ancarpower.com\/ca\/wp-json\/wp\/v2\/product_brand?post=1958"},{"taxonomy":"product_cat","embeddable":true,"href":"https:\/\/ancarpower.com\/ca\/wp-json\/wp\/v2\/product_cat?post=1958"},{"taxonomy":"product_tag","embeddable":true,"href":"https:\/\/ancarpower.com\/ca\/wp-json\/wp\/v2\/product_tag?post=1958"}],"curies":[{"name":"wp","href":"https:\/\/api.w.org\/{rel}","templated":true}]}}