{"id":1960,"date":"2025-07-16T10:07:00","date_gmt":"2025-07-16T08:07:00","guid":{"rendered":"https:\/\/ancarpower.com\/producto\/martin-era-600-performance\/"},"modified":"2025-07-16T10:07:00","modified_gmt":"2025-07-16T08:07:00","slug":"martin-era-600-performance","status":"publish","type":"product","link":"https:\/\/ancarpower.com\/ca\/producto\/martin-era-600-performance\/","title":{"rendered":"MARTIN ERA 600 PERFORMANCE"},"content":{"rendered":"","protected":false},"excerpt":{"rendered":"<p>L&#8217;ERA 600 Performance de Martin combina robustesa i rendibilitat per a aplicacions d&#8217;entertainment i lloguer. Compte amb una font LED blanca freda de 550W molt eficient que produeix un feix intens, projecci\u00f3 n\u00edtida de gobos, i un camp homogeni a 6.500\u00baK. A m\u00e9s, inclou zoom 1:8, dimmer 16bits i strobo, barreja de color CMY m\u00e9s una roda de color separada, control de temperatura de color variable, roda d&#8217;animaci\u00f3, iris per a l&#8217;ajust del feix i una roda de gobos fixos i una altra girat\u00f2ria.  <\/p>\n","protected":false},"featured_media":454,"comment_status":"open","ping_status":"closed","template":"","meta":[],"product_brand":[190],"product_cat":[248,240],"product_tag":[],"class_list":{"0":"post-1960","1":"product","2":"type-product","3":"status-publish","4":"has-post-thumbnail","6":"product_brand-martin","7":"product_cat-caps-mobils","8":"product_cat-illuminacio","10":"first","11":"instock","12":"shipping-taxable","13":"purchasable","14":"product-type-simple"},"_links":{"self":[{"href":"https:\/\/ancarpower.com\/ca\/wp-json\/wp\/v2\/product\/1960","targetHints":{"allow":["GET"]}}],"collection":[{"href":"https:\/\/ancarpower.com\/ca\/wp-json\/wp\/v2\/product"}],"about":[{"href":"https:\/\/ancarpower.com\/ca\/wp-json\/wp\/v2\/types\/product"}],"replies":[{"embeddable":true,"href":"https:\/\/ancarpower.com\/ca\/wp-json\/wp\/v2\/comments?post=1960"}],"wp:featuredmedia":[{"embeddable":true,"href":"https:\/\/ancarpower.com\/ca\/wp-json\/wp\/v2\/media\/454"}],"wp:attachment":[{"href":"https:\/\/ancarpower.com\/ca\/wp-json\/wp\/v2\/media?parent=1960"}],"wp:term":[{"taxonomy":"product_brand","embeddable":true,"href":"https:\/\/ancarpower.com\/ca\/wp-json\/wp\/v2\/product_brand?post=1960"},{"taxonomy":"product_cat","embeddable":true,"href":"https:\/\/ancarpower.com\/ca\/wp-json\/wp\/v2\/product_cat?post=1960"},{"taxonomy":"product_tag","embeddable":true,"href":"https:\/\/ancarpower.com\/ca\/wp-json\/wp\/v2\/product_tag?post=1960"}],"curies":[{"name":"wp","href":"https:\/\/api.w.org\/{rel}","templated":true}]}}