{"id":1964,"date":"2025-07-16T10:07:00","date_gmt":"2025-07-16T08:07:00","guid":{"rendered":"https:\/\/ancarpower.com\/producto\/robe-led-beam-350\/"},"modified":"2025-07-16T10:07:00","modified_gmt":"2025-07-16T08:07:00","slug":"robe-led-beam-350","status":"publish","type":"product","link":"https:\/\/ancarpower.com\/ca\/producto\/robe-led-beam-350\/","title":{"rendered":"ROBE LED BEAM 350"},"content":{"rendered":"","protected":false},"excerpt":{"rendered":"<p>Cap m\u00f2bil Wash Multisource LED 12x40W RGBA amb un espectacular zoom de 3,8 \u00ba a 60 \u00ba. 12 xips LED RGBA de 40W ofereixen una homog\u00e8nia barreja de colors. Excepcionalment silenci\u00f3s gr\u00e0cies al sistema de refrigeraci\u00f3 avan\u00e7at i els nous motors pas a pas. Control d&#8217;emulaci\u00f3 de l\u00e0mpades de tungst\u00e8 i CTO variable de 2.700K a 8.000K.   <\/p>\n","protected":false},"featured_media":456,"comment_status":"open","ping_status":"closed","template":"","meta":[],"product_brand":[176],"product_cat":[248,240],"product_tag":[],"class_list":{"0":"post-1964","1":"product","2":"type-product","3":"status-publish","4":"has-post-thumbnail","6":"product_brand-robe","7":"product_cat-caps-mobils","8":"product_cat-illuminacio","10":"first","11":"instock","12":"shipping-taxable","13":"purchasable","14":"product-type-simple"},"_links":{"self":[{"href":"https:\/\/ancarpower.com\/ca\/wp-json\/wp\/v2\/product\/1964","targetHints":{"allow":["GET"]}}],"collection":[{"href":"https:\/\/ancarpower.com\/ca\/wp-json\/wp\/v2\/product"}],"about":[{"href":"https:\/\/ancarpower.com\/ca\/wp-json\/wp\/v2\/types\/product"}],"replies":[{"embeddable":true,"href":"https:\/\/ancarpower.com\/ca\/wp-json\/wp\/v2\/comments?post=1964"}],"wp:featuredmedia":[{"embeddable":true,"href":"https:\/\/ancarpower.com\/ca\/wp-json\/wp\/v2\/media\/456"}],"wp:attachment":[{"href":"https:\/\/ancarpower.com\/ca\/wp-json\/wp\/v2\/media?parent=1964"}],"wp:term":[{"taxonomy":"product_brand","embeddable":true,"href":"https:\/\/ancarpower.com\/ca\/wp-json\/wp\/v2\/product_brand?post=1964"},{"taxonomy":"product_cat","embeddable":true,"href":"https:\/\/ancarpower.com\/ca\/wp-json\/wp\/v2\/product_cat?post=1964"},{"taxonomy":"product_tag","embeddable":true,"href":"https:\/\/ancarpower.com\/ca\/wp-json\/wp\/v2\/product_tag?post=1964"}],"curies":[{"name":"wp","href":"https:\/\/api.w.org\/{rel}","templated":true}]}}