{"id":2010,"date":"2025-07-16T10:07:31","date_gmt":"2025-07-16T08:07:31","guid":{"rendered":"https:\/\/ancarpower.com\/producto\/tarima-guil-tisora-tm441-750kg-m\/"},"modified":"2025-07-28T13:33:40","modified_gmt":"2025-07-28T11:33:40","slug":"tarima-guil-tisora-tm441-750kg-m","status":"publish","type":"product","link":"https:\/\/ancarpower.com\/ca\/producto\/tarima-guil-tisora-tm441-750kg-m\/","title":{"rendered":"TARIMA GUIL TISORA TM441 (750KG\/M)"},"content":{"rendered":"","protected":false},"excerpt":{"rendered":"<p>Tarima modular d&#8217;alta resist\u00e8ncia de 2 x 1 m de disseny compacte, fabricada en alumini extrusionat (marc), acer refor\u00e7at (estructura base) i panell fen\u00f2lic antilliscant amb tractaments hidr\u00f2fugs i ign\u00edfug, fusta de bedoll de 21 mm, amb acabat antilliscant i cantells segellats.<\/p>\n","protected":false},"featured_media":2134,"comment_status":"open","ping_status":"closed","template":"","meta":[],"product_brand":[187],"product_cat":[256,254],"product_tag":[],"class_list":{"0":"post-2010","1":"product","2":"type-product","3":"status-publish","4":"has-post-thumbnail","6":"product_brand-guil","7":"product_cat-guil-ca","8":"product_cat-tarimes","10":"first","11":"instock","12":"shipping-taxable","13":"purchasable","14":"product-type-simple"},"_links":{"self":[{"href":"https:\/\/ancarpower.com\/ca\/wp-json\/wp\/v2\/product\/2010","targetHints":{"allow":["GET"]}}],"collection":[{"href":"https:\/\/ancarpower.com\/ca\/wp-json\/wp\/v2\/product"}],"about":[{"href":"https:\/\/ancarpower.com\/ca\/wp-json\/wp\/v2\/types\/product"}],"replies":[{"embeddable":true,"href":"https:\/\/ancarpower.com\/ca\/wp-json\/wp\/v2\/comments?post=2010"}],"wp:featuredmedia":[{"embeddable":true,"href":"https:\/\/ancarpower.com\/ca\/wp-json\/wp\/v2\/media\/2134"}],"wp:attachment":[{"href":"https:\/\/ancarpower.com\/ca\/wp-json\/wp\/v2\/media?parent=2010"}],"wp:term":[{"taxonomy":"product_brand","embeddable":true,"href":"https:\/\/ancarpower.com\/ca\/wp-json\/wp\/v2\/product_brand?post=2010"},{"taxonomy":"product_cat","embeddable":true,"href":"https:\/\/ancarpower.com\/ca\/wp-json\/wp\/v2\/product_cat?post=2010"},{"taxonomy":"product_tag","embeddable":true,"href":"https:\/\/ancarpower.com\/ca\/wp-json\/wp\/v2\/product_tag?post=2010"}],"curies":[{"name":"wp","href":"https:\/\/api.w.org\/{rel}","templated":true}]}}