{"id":2012,"date":"2025-07-16T10:07:31","date_gmt":"2025-07-16T08:07:31","guid":{"rendered":"https:\/\/ancarpower.com\/producto\/tarima-guil-2x1-tm440-1000kg-m\/"},"modified":"2025-07-28T13:32:07","modified_gmt":"2025-07-28T11:32:07","slug":"tarima-guil-2x1-tm440-1000kg-m","status":"publish","type":"product","link":"https:\/\/ancarpower.com\/ca\/producto\/tarima-guil-2x1-tm440-1000kg-m\/","title":{"rendered":"TARIMA GUIL 2X1 TM440 (1000KG\/M)"},"content":{"rendered":"","protected":false},"excerpt":{"rendered":"<p>Tarima modular d\u00b4alumini d\u00b4alta resist\u00e8ncia amb tractaments hidr\u00f2fugs i ign\u00edfug, certificada per a c\u00e0rregues de fins a 1200 kg\/m2 (2x1m: 2400 kg Uniformement distribu\u00efts).<\/p>\n","protected":false},"featured_media":2132,"comment_status":"open","ping_status":"closed","template":"","meta":[],"product_brand":[187],"product_cat":[256,254],"product_tag":[],"class_list":{"0":"post-2012","1":"product","2":"type-product","3":"status-publish","4":"has-post-thumbnail","6":"product_brand-guil","7":"product_cat-guil-ca","8":"product_cat-tarimes","10":"first","11":"instock","12":"shipping-taxable","13":"purchasable","14":"product-type-simple"},"_links":{"self":[{"href":"https:\/\/ancarpower.com\/ca\/wp-json\/wp\/v2\/product\/2012","targetHints":{"allow":["GET"]}}],"collection":[{"href":"https:\/\/ancarpower.com\/ca\/wp-json\/wp\/v2\/product"}],"about":[{"href":"https:\/\/ancarpower.com\/ca\/wp-json\/wp\/v2\/types\/product"}],"replies":[{"embeddable":true,"href":"https:\/\/ancarpower.com\/ca\/wp-json\/wp\/v2\/comments?post=2012"}],"wp:featuredmedia":[{"embeddable":true,"href":"https:\/\/ancarpower.com\/ca\/wp-json\/wp\/v2\/media\/2132"}],"wp:attachment":[{"href":"https:\/\/ancarpower.com\/ca\/wp-json\/wp\/v2\/media?parent=2012"}],"wp:term":[{"taxonomy":"product_brand","embeddable":true,"href":"https:\/\/ancarpower.com\/ca\/wp-json\/wp\/v2\/product_brand?post=2012"},{"taxonomy":"product_cat","embeddable":true,"href":"https:\/\/ancarpower.com\/ca\/wp-json\/wp\/v2\/product_cat?post=2012"},{"taxonomy":"product_tag","embeddable":true,"href":"https:\/\/ancarpower.com\/ca\/wp-json\/wp\/v2\/product_tag?post=2012"}],"curies":[{"name":"wp","href":"https:\/\/api.w.org\/{rel}","templated":true}]}}