{"id":2023,"date":"2025-07-16T10:07:27","date_gmt":"2025-07-16T08:07:27","guid":{"rendered":"https:\/\/ancarpower.com\/producto\/maquina-de-fum-haze-base-pro\/"},"modified":"2025-07-30T11:41:20","modified_gmt":"2025-07-30T09:41:20","slug":"maquina-de-fum-haze-base-pro","status":"publish","type":"product","link":"https:\/\/ancarpower.com\/ca\/producto\/maquina-de-fum-haze-base-pro\/","title":{"rendered":"M\u00c0QUINA DE FUM HAZE BASE PRO"},"content":{"rendered":"","protected":false},"excerpt":{"rendered":"<p>HAZE BASE PRO \u00e9s una m\u00e0quina de fum efecte hazer professional, que genera una fina cortina de boira, convertint-se en l&#8217;opci\u00f3 ideal per donar aquesta aparen\u00e7a diferent als teus esdeveniments i espectacles.<\/p>\n","protected":false},"featured_media":2204,"comment_status":"open","ping_status":"closed","template":"","meta":[],"product_brand":[],"product_cat":[258,259],"product_tag":[],"class_list":{"0":"post-2023","1":"product","2":"type-product","3":"status-publish","4":"has-post-thumbnail","6":"product_cat-efectes-especials","7":"product_cat-maquines-de-fum","9":"first","10":"instock","11":"shipping-taxable","12":"purchasable","13":"product-type-simple"},"_links":{"self":[{"href":"https:\/\/ancarpower.com\/ca\/wp-json\/wp\/v2\/product\/2023","targetHints":{"allow":["GET"]}}],"collection":[{"href":"https:\/\/ancarpower.com\/ca\/wp-json\/wp\/v2\/product"}],"about":[{"href":"https:\/\/ancarpower.com\/ca\/wp-json\/wp\/v2\/types\/product"}],"replies":[{"embeddable":true,"href":"https:\/\/ancarpower.com\/ca\/wp-json\/wp\/v2\/comments?post=2023"}],"wp:featuredmedia":[{"embeddable":true,"href":"https:\/\/ancarpower.com\/ca\/wp-json\/wp\/v2\/media\/2204"}],"wp:attachment":[{"href":"https:\/\/ancarpower.com\/ca\/wp-json\/wp\/v2\/media?parent=2023"}],"wp:term":[{"taxonomy":"product_brand","embeddable":true,"href":"https:\/\/ancarpower.com\/ca\/wp-json\/wp\/v2\/product_brand?post=2023"},{"taxonomy":"product_cat","embeddable":true,"href":"https:\/\/ancarpower.com\/ca\/wp-json\/wp\/v2\/product_cat?post=2023"},{"taxonomy":"product_tag","embeddable":true,"href":"https:\/\/ancarpower.com\/ca\/wp-json\/wp\/v2\/product_tag?post=2023"}],"curies":[{"name":"wp","href":"https:\/\/api.w.org\/{rel}","templated":true}]}}