{"id":2036,"date":"2025-07-16T10:07:21","date_gmt":"2025-07-16T08:07:21","guid":{"rendered":"https:\/\/ancarpower.com\/producto\/antena-passiva-rf-venue-rfv-dfin\/"},"modified":"2025-07-16T10:07:21","modified_gmt":"2025-07-16T08:07:21","slug":"antena-passiva-rf-venue-rfv-dfin","status":"publish","type":"product","link":"https:\/\/ancarpower.com\/ca\/producto\/antena-passiva-rf-venue-rfv-dfin\/","title":{"rendered":"ANTENA PASSIVA RF VENUE RFV-DFIN"},"content":{"rendered":"","protected":false},"excerpt":{"rendered":"<p>L&#8217;antena Diversity Fin\u2122 \u00e9s una antena multiprop\u00f2sit per a micr\u00f2fons sense fil que no es desconnecta gr\u00e0cies al disseny patentat de polaritzaci\u00f3 creuada creada per RF VENUE.<\/p>\n","protected":false},"featured_media":1328,"comment_status":"open","ping_status":"closed","template":"","meta":[],"product_brand":[],"product_cat":[230,233],"product_tag":[],"class_list":{"0":"post-2036","1":"product","2":"type-product","3":"status-publish","4":"has-post-thumbnail","6":"product_cat-equips-de-so","7":"product_cat-microfonia-sense-fils","9":"first","10":"instock","11":"shipping-taxable","12":"purchasable","13":"product-type-simple"},"_links":{"self":[{"href":"https:\/\/ancarpower.com\/ca\/wp-json\/wp\/v2\/product\/2036","targetHints":{"allow":["GET"]}}],"collection":[{"href":"https:\/\/ancarpower.com\/ca\/wp-json\/wp\/v2\/product"}],"about":[{"href":"https:\/\/ancarpower.com\/ca\/wp-json\/wp\/v2\/types\/product"}],"replies":[{"embeddable":true,"href":"https:\/\/ancarpower.com\/ca\/wp-json\/wp\/v2\/comments?post=2036"}],"wp:featuredmedia":[{"embeddable":true,"href":"https:\/\/ancarpower.com\/ca\/wp-json\/wp\/v2\/media\/1328"}],"wp:attachment":[{"href":"https:\/\/ancarpower.com\/ca\/wp-json\/wp\/v2\/media?parent=2036"}],"wp:term":[{"taxonomy":"product_brand","embeddable":true,"href":"https:\/\/ancarpower.com\/ca\/wp-json\/wp\/v2\/product_brand?post=2036"},{"taxonomy":"product_cat","embeddable":true,"href":"https:\/\/ancarpower.com\/ca\/wp-json\/wp\/v2\/product_cat?post=2036"},{"taxonomy":"product_tag","embeddable":true,"href":"https:\/\/ancarpower.com\/ca\/wp-json\/wp\/v2\/product_tag?post=2036"}],"curies":[{"name":"wp","href":"https:\/\/api.w.org\/{rel}","templated":true}]}}