{"id":2042,"date":"2025-07-16T10:07:21","date_gmt":"2025-07-16T08:07:21","guid":{"rendered":"https:\/\/ancarpower.com\/producto\/peu-microfon-petit-km-25900\/"},"modified":"2025-07-16T10:07:21","modified_gmt":"2025-07-16T08:07:21","slug":"peu-microfon-petit-km-25900","status":"publish","type":"product","link":"https:\/\/ancarpower.com\/ca\/producto\/peu-microfon-petit-km-25900\/","title":{"rendered":"PEU MICR\u00d2FON PETIT K&amp;M 25900"},"content":{"rendered":"","protected":false},"excerpt":{"rendered":"<p>25900 Black de K\u00f6nig &amp; Meyer \u00e9s un suport tipus girafa de mitja al\u00e7ada amb bra\u00e7 telesc\u00f2pic<\/p>\n","protected":false},"featured_media":1369,"comment_status":"open","ping_status":"closed","template":"","meta":[],"product_brand":[173],"product_cat":[230,234],"product_tag":[],"class_list":{"0":"post-2042","1":"product","2":"type-product","3":"status-publish","4":"has-post-thumbnail","6":"product_brand-km","7":"product_cat-equips-de-so","8":"product_cat-microfonia-i-suports","10":"first","11":"instock","12":"shipping-taxable","13":"purchasable","14":"product-type-simple"},"_links":{"self":[{"href":"https:\/\/ancarpower.com\/ca\/wp-json\/wp\/v2\/product\/2042","targetHints":{"allow":["GET"]}}],"collection":[{"href":"https:\/\/ancarpower.com\/ca\/wp-json\/wp\/v2\/product"}],"about":[{"href":"https:\/\/ancarpower.com\/ca\/wp-json\/wp\/v2\/types\/product"}],"replies":[{"embeddable":true,"href":"https:\/\/ancarpower.com\/ca\/wp-json\/wp\/v2\/comments?post=2042"}],"wp:featuredmedia":[{"embeddable":true,"href":"https:\/\/ancarpower.com\/ca\/wp-json\/wp\/v2\/media\/1369"}],"wp:attachment":[{"href":"https:\/\/ancarpower.com\/ca\/wp-json\/wp\/v2\/media?parent=2042"}],"wp:term":[{"taxonomy":"product_brand","embeddable":true,"href":"https:\/\/ancarpower.com\/ca\/wp-json\/wp\/v2\/product_brand?post=2042"},{"taxonomy":"product_cat","embeddable":true,"href":"https:\/\/ancarpower.com\/ca\/wp-json\/wp\/v2\/product_cat?post=2042"},{"taxonomy":"product_tag","embeddable":true,"href":"https:\/\/ancarpower.com\/ca\/wp-json\/wp\/v2\/product_tag?post=2042"}],"curies":[{"name":"wp","href":"https:\/\/api.w.org\/{rel}","templated":true}]}}