{"id":2046,"date":"2025-07-16T10:07:19","date_gmt":"2025-07-16T08:07:19","guid":{"rendered":"https:\/\/ancarpower.com\/producto\/microfon-shure-mx-418-s-45-cm-flexo\/"},"modified":"2025-07-16T10:07:19","modified_gmt":"2025-07-16T08:07:19","slug":"microfon-shure-mx-418-s-45-cm-flexo","status":"publish","type":"product","link":"https:\/\/ancarpower.com\/ca\/producto\/microfon-shure-mx-418-s-45-cm-flexo\/","title":{"rendered":"MICR\u00d2FON SHURE MX 418\/S 45 CM FLEXO"},"content":{"rendered":"","protected":false},"excerpt":{"rendered":"<p>Micr\u00f2fon de flexo de 45cm per a confer\u00e8ncies, oradors i lectures, amb c\u00e0psula intercanviable.<\/p>\n","protected":false},"featured_media":1267,"comment_status":"open","ping_status":"closed","template":"","meta":[],"product_brand":[166],"product_cat":[230,234],"product_tag":[],"class_list":{"0":"post-2046","1":"product","2":"type-product","3":"status-publish","4":"has-post-thumbnail","6":"product_brand-shure","7":"product_cat-equips-de-so","8":"product_cat-microfonia-i-suports","10":"first","11":"instock","12":"shipping-taxable","13":"purchasable","14":"product-type-simple"},"_links":{"self":[{"href":"https:\/\/ancarpower.com\/ca\/wp-json\/wp\/v2\/product\/2046","targetHints":{"allow":["GET"]}}],"collection":[{"href":"https:\/\/ancarpower.com\/ca\/wp-json\/wp\/v2\/product"}],"about":[{"href":"https:\/\/ancarpower.com\/ca\/wp-json\/wp\/v2\/types\/product"}],"replies":[{"embeddable":true,"href":"https:\/\/ancarpower.com\/ca\/wp-json\/wp\/v2\/comments?post=2046"}],"wp:featuredmedia":[{"embeddable":true,"href":"https:\/\/ancarpower.com\/ca\/wp-json\/wp\/v2\/media\/1267"}],"wp:attachment":[{"href":"https:\/\/ancarpower.com\/ca\/wp-json\/wp\/v2\/media?parent=2046"}],"wp:term":[{"taxonomy":"product_brand","embeddable":true,"href":"https:\/\/ancarpower.com\/ca\/wp-json\/wp\/v2\/product_brand?post=2046"},{"taxonomy":"product_cat","embeddable":true,"href":"https:\/\/ancarpower.com\/ca\/wp-json\/wp\/v2\/product_cat?post=2046"},{"taxonomy":"product_tag","embeddable":true,"href":"https:\/\/ancarpower.com\/ca\/wp-json\/wp\/v2\/product_tag?post=2046"}],"curies":[{"name":"wp","href":"https:\/\/api.w.org\/{rel}","templated":true}]}}