{"id":2052,"date":"2025-07-16T10:07:18","date_gmt":"2025-07-16T08:07:18","guid":{"rendered":"https:\/\/ancarpower.com\/producto\/microfon-sennheiser-e-906\/"},"modified":"2025-07-16T10:07:18","modified_gmt":"2025-07-16T08:07:18","slug":"microfon-sennheiser-e-906","status":"publish","type":"product","link":"https:\/\/ancarpower.com\/ca\/producto\/microfon-sennheiser-e-906\/","title":{"rendered":"MICR\u00d2FON SENNHEISER E 906"},"content":{"rendered":"","protected":false},"excerpt":{"rendered":"<p>El micr\u00f2fon din\u00e0mic super-cardioide e 906 est\u00e0 dissenyat especialment per a amplificadors de guitarra i tamb\u00e9 \u00e9s excel\u00b7lent per a percussi\u00f3 i instruments de vent. T\u00e9 atenuador i control de to i el seu disseny pla <\/p>\n","protected":false},"featured_media":590,"comment_status":"open","ping_status":"closed","template":"","meta":[],"product_brand":[165],"product_cat":[230,234],"product_tag":[],"class_list":{"0":"post-2052","1":"product","2":"type-product","3":"status-publish","4":"has-post-thumbnail","6":"product_brand-sennheiser","7":"product_cat-equips-de-so","8":"product_cat-microfonia-i-suports","10":"first","11":"instock","12":"shipping-taxable","13":"purchasable","14":"product-type-simple"},"_links":{"self":[{"href":"https:\/\/ancarpower.com\/ca\/wp-json\/wp\/v2\/product\/2052","targetHints":{"allow":["GET"]}}],"collection":[{"href":"https:\/\/ancarpower.com\/ca\/wp-json\/wp\/v2\/product"}],"about":[{"href":"https:\/\/ancarpower.com\/ca\/wp-json\/wp\/v2\/types\/product"}],"replies":[{"embeddable":true,"href":"https:\/\/ancarpower.com\/ca\/wp-json\/wp\/v2\/comments?post=2052"}],"wp:featuredmedia":[{"embeddable":true,"href":"https:\/\/ancarpower.com\/ca\/wp-json\/wp\/v2\/media\/590"}],"wp:attachment":[{"href":"https:\/\/ancarpower.com\/ca\/wp-json\/wp\/v2\/media?parent=2052"}],"wp:term":[{"taxonomy":"product_brand","embeddable":true,"href":"https:\/\/ancarpower.com\/ca\/wp-json\/wp\/v2\/product_brand?post=2052"},{"taxonomy":"product_cat","embeddable":true,"href":"https:\/\/ancarpower.com\/ca\/wp-json\/wp\/v2\/product_cat?post=2052"},{"taxonomy":"product_tag","embeddable":true,"href":"https:\/\/ancarpower.com\/ca\/wp-json\/wp\/v2\/product_tag?post=2052"}],"curies":[{"name":"wp","href":"https:\/\/api.w.org\/{rel}","templated":true}]}}