{"id":2056,"date":"2025-07-16T10:07:17","date_gmt":"2025-07-16T08:07:17","guid":{"rendered":"https:\/\/ancarpower.com\/producto\/microfon-neumann-km-184\/"},"modified":"2025-07-16T10:07:17","modified_gmt":"2025-07-16T08:07:17","slug":"microfon-neumann-km-184","status":"publish","type":"product","link":"https:\/\/ancarpower.com\/ca\/producto\/microfon-neumann-km-184\/","title":{"rendered":"MICR\u00d2FON NEUMANN KM 184"},"content":{"rendered":"","protected":false},"excerpt":{"rendered":"<p>El Neumann KM184 \u00e9s un micr\u00f2fon de condensador de diafragma petit i cardioide pertanyent a la s\u00e8rie compacta de micr\u00f2fons \u00ab180 Series\u00bb<\/p>\n","protected":false},"featured_media":583,"comment_status":"open","ping_status":"closed","template":"","meta":[],"product_brand":[],"product_cat":[230,234],"product_tag":[],"class_list":{"0":"post-2056","1":"product","2":"type-product","3":"status-publish","4":"has-post-thumbnail","6":"product_cat-equips-de-so","7":"product_cat-microfonia-i-suports","9":"first","10":"instock","11":"shipping-taxable","12":"purchasable","13":"product-type-simple"},"_links":{"self":[{"href":"https:\/\/ancarpower.com\/ca\/wp-json\/wp\/v2\/product\/2056","targetHints":{"allow":["GET"]}}],"collection":[{"href":"https:\/\/ancarpower.com\/ca\/wp-json\/wp\/v2\/product"}],"about":[{"href":"https:\/\/ancarpower.com\/ca\/wp-json\/wp\/v2\/types\/product"}],"replies":[{"embeddable":true,"href":"https:\/\/ancarpower.com\/ca\/wp-json\/wp\/v2\/comments?post=2056"}],"wp:featuredmedia":[{"embeddable":true,"href":"https:\/\/ancarpower.com\/ca\/wp-json\/wp\/v2\/media\/583"}],"wp:attachment":[{"href":"https:\/\/ancarpower.com\/ca\/wp-json\/wp\/v2\/media?parent=2056"}],"wp:term":[{"taxonomy":"product_brand","embeddable":true,"href":"https:\/\/ancarpower.com\/ca\/wp-json\/wp\/v2\/product_brand?post=2056"},{"taxonomy":"product_cat","embeddable":true,"href":"https:\/\/ancarpower.com\/ca\/wp-json\/wp\/v2\/product_cat?post=2056"},{"taxonomy":"product_tag","embeddable":true,"href":"https:\/\/ancarpower.com\/ca\/wp-json\/wp\/v2\/product_tag?post=2056"}],"curies":[{"name":"wp","href":"https:\/\/api.w.org\/{rel}","templated":true}]}}