{"id":2058,"date":"2025-07-16T10:07:17","date_gmt":"2025-07-16T08:07:17","guid":{"rendered":"https:\/\/ancarpower.com\/producto\/microfon-dpa-dfacte-ii\/"},"modified":"2025-07-16T10:07:17","modified_gmt":"2025-07-16T08:07:17","slug":"microfon-dpa-dfacte-ii","status":"publish","type":"product","link":"https:\/\/ancarpower.com\/ca\/producto\/microfon-dpa-dfacte-ii\/","title":{"rendered":"MICR\u00d2FON DPA DFACTE II"},"content":{"rendered":"","protected":false},"excerpt":{"rendered":"<p>d:facto II Micr\u00f2fon Vocal Lineal de m\u00e0 Supercardioide.<\/p>\n","protected":false},"featured_media":582,"comment_status":"open","ping_status":"closed","template":"","meta":[],"product_brand":[174],"product_cat":[230,234],"product_tag":[],"class_list":{"0":"post-2058","1":"product","2":"type-product","3":"status-publish","4":"has-post-thumbnail","6":"product_brand-dpa","7":"product_cat-equips-de-so","8":"product_cat-microfonia-i-suports","10":"first","11":"instock","12":"shipping-taxable","13":"purchasable","14":"product-type-simple"},"_links":{"self":[{"href":"https:\/\/ancarpower.com\/ca\/wp-json\/wp\/v2\/product\/2058","targetHints":{"allow":["GET"]}}],"collection":[{"href":"https:\/\/ancarpower.com\/ca\/wp-json\/wp\/v2\/product"}],"about":[{"href":"https:\/\/ancarpower.com\/ca\/wp-json\/wp\/v2\/types\/product"}],"replies":[{"embeddable":true,"href":"https:\/\/ancarpower.com\/ca\/wp-json\/wp\/v2\/comments?post=2058"}],"wp:featuredmedia":[{"embeddable":true,"href":"https:\/\/ancarpower.com\/ca\/wp-json\/wp\/v2\/media\/582"}],"wp:attachment":[{"href":"https:\/\/ancarpower.com\/ca\/wp-json\/wp\/v2\/media?parent=2058"}],"wp:term":[{"taxonomy":"product_brand","embeddable":true,"href":"https:\/\/ancarpower.com\/ca\/wp-json\/wp\/v2\/product_brand?post=2058"},{"taxonomy":"product_cat","embeddable":true,"href":"https:\/\/ancarpower.com\/ca\/wp-json\/wp\/v2\/product_cat?post=2058"},{"taxonomy":"product_tag","embeddable":true,"href":"https:\/\/ancarpower.com\/ca\/wp-json\/wp\/v2\/product_tag?post=2058"}],"curies":[{"name":"wp","href":"https:\/\/api.w.org\/{rel}","templated":true}]}}