{"id":2063,"date":"2025-07-16T10:07:17","date_gmt":"2025-07-16T08:07:17","guid":{"rendered":"https:\/\/ancarpower.com\/producto\/microfon-neumann-kms-105\/"},"modified":"2025-07-16T10:07:17","modified_gmt":"2025-07-16T08:07:17","slug":"microfon-neumann-kms-105","status":"publish","type":"product","link":"https:\/\/ancarpower.com\/ca\/producto\/microfon-neumann-kms-105\/","title":{"rendered":"MICR\u00d2FON NEUMANN KMS 105"},"content":{"rendered":"","protected":false},"excerpt":{"rendered":"<p>Neumann KMS 105 ha estat desenvolupat per transmetre de manera \u00f2ptima la veu humana pel que fa a les condicions exigides presents en una actuaci\u00f3 en directe. La s\u00e8rie KMS ha esdevingut l&#8217;est\u00e0ndard reconegut internacionalment de micr\u00f2fons d&#8217;escena de primera classe. <\/p>\n","protected":false},"featured_media":584,"comment_status":"open","ping_status":"closed","template":"","meta":[],"product_brand":[],"product_cat":[230,234],"product_tag":[],"class_list":{"0":"post-2063","1":"product","2":"type-product","3":"status-publish","4":"has-post-thumbnail","6":"product_cat-equips-de-so","7":"product_cat-microfonia-i-suports","9":"first","10":"instock","11":"shipping-taxable","12":"purchasable","13":"product-type-simple"},"_links":{"self":[{"href":"https:\/\/ancarpower.com\/ca\/wp-json\/wp\/v2\/product\/2063","targetHints":{"allow":["GET"]}}],"collection":[{"href":"https:\/\/ancarpower.com\/ca\/wp-json\/wp\/v2\/product"}],"about":[{"href":"https:\/\/ancarpower.com\/ca\/wp-json\/wp\/v2\/types\/product"}],"replies":[{"embeddable":true,"href":"https:\/\/ancarpower.com\/ca\/wp-json\/wp\/v2\/comments?post=2063"}],"wp:featuredmedia":[{"embeddable":true,"href":"https:\/\/ancarpower.com\/ca\/wp-json\/wp\/v2\/media\/584"}],"wp:attachment":[{"href":"https:\/\/ancarpower.com\/ca\/wp-json\/wp\/v2\/media?parent=2063"}],"wp:term":[{"taxonomy":"product_brand","embeddable":true,"href":"https:\/\/ancarpower.com\/ca\/wp-json\/wp\/v2\/product_brand?post=2063"},{"taxonomy":"product_cat","embeddable":true,"href":"https:\/\/ancarpower.com\/ca\/wp-json\/wp\/v2\/product_cat?post=2063"},{"taxonomy":"product_tag","embeddable":true,"href":"https:\/\/ancarpower.com\/ca\/wp-json\/wp\/v2\/product_tag?post=2063"}],"curies":[{"name":"wp","href":"https:\/\/api.w.org\/{rel}","templated":true}]}}