{"id":2065,"date":"2025-07-16T10:07:16","date_gmt":"2025-07-16T08:07:16","guid":{"rendered":"https:\/\/ancarpower.com\/producto\/microfon-beyer-opus-87-pinca-percussio\/"},"modified":"2025-07-16T10:07:16","modified_gmt":"2025-07-16T08:07:16","slug":"microfon-beyer-opus-87-pinca-percussio","status":"publish","type":"product","link":"https:\/\/ancarpower.com\/ca\/producto\/microfon-beyer-opus-87-pinca-percussio\/","title":{"rendered":"MICR\u00d2FON BEYER OPUS 87 PIN\u00c7A PERCUSSI\u00d3"},"content":{"rendered":"","protected":false},"excerpt":{"rendered":"<p>Micr\u00f2fon de condensador cardioide per a instruments de percussi\u00f3<\/p>\n","protected":false},"featured_media":1317,"comment_status":"open","ping_status":"closed","template":"","meta":[],"product_brand":[],"product_cat":[230,234],"product_tag":[],"class_list":{"0":"post-2065","1":"product","2":"type-product","3":"status-publish","4":"has-post-thumbnail","6":"product_cat-equips-de-so","7":"product_cat-microfonia-i-suports","9":"first","10":"instock","11":"shipping-taxable","12":"purchasable","13":"product-type-simple"},"_links":{"self":[{"href":"https:\/\/ancarpower.com\/ca\/wp-json\/wp\/v2\/product\/2065","targetHints":{"allow":["GET"]}}],"collection":[{"href":"https:\/\/ancarpower.com\/ca\/wp-json\/wp\/v2\/product"}],"about":[{"href":"https:\/\/ancarpower.com\/ca\/wp-json\/wp\/v2\/types\/product"}],"replies":[{"embeddable":true,"href":"https:\/\/ancarpower.com\/ca\/wp-json\/wp\/v2\/comments?post=2065"}],"wp:featuredmedia":[{"embeddable":true,"href":"https:\/\/ancarpower.com\/ca\/wp-json\/wp\/v2\/media\/1317"}],"wp:attachment":[{"href":"https:\/\/ancarpower.com\/ca\/wp-json\/wp\/v2\/media?parent=2065"}],"wp:term":[{"taxonomy":"product_brand","embeddable":true,"href":"https:\/\/ancarpower.com\/ca\/wp-json\/wp\/v2\/product_brand?post=2065"},{"taxonomy":"product_cat","embeddable":true,"href":"https:\/\/ancarpower.com\/ca\/wp-json\/wp\/v2\/product_cat?post=2065"},{"taxonomy":"product_tag","embeddable":true,"href":"https:\/\/ancarpower.com\/ca\/wp-json\/wp\/v2\/product_tag?post=2065"}],"curies":[{"name":"wp","href":"https:\/\/api.w.org\/{rel}","templated":true}]}}