{"id":2071,"date":"2025-07-16T10:07:15","date_gmt":"2025-07-16T08:07:15","guid":{"rendered":"https:\/\/ancarpower.com\/producto\/microfon-akg-d770\/"},"modified":"2025-07-16T10:07:15","modified_gmt":"2025-07-16T08:07:15","slug":"microfon-akg-d770","status":"publish","type":"product","link":"https:\/\/ancarpower.com\/ca\/producto\/microfon-akg-d770\/","title":{"rendered":"MICR\u00d2FON AKG D770"},"content":{"rendered":"","protected":false},"excerpt":{"rendered":"<p>El micr\u00f2fon din\u00e0mic d&#8217;alt rendiment AKG D770 \u00e9s ideal per captar instruments i cors i \u00fas regular a l&#8217;escenari<\/p>\n","protected":false},"featured_media":569,"comment_status":"open","ping_status":"closed","template":"","meta":[],"product_brand":[205],"product_cat":[230,234],"product_tag":[],"class_list":{"0":"post-2071","1":"product","2":"type-product","3":"status-publish","4":"has-post-thumbnail","6":"product_brand-akg","7":"product_cat-equips-de-so","8":"product_cat-microfonia-i-suports","10":"first","11":"instock","12":"shipping-taxable","13":"purchasable","14":"product-type-simple"},"_links":{"self":[{"href":"https:\/\/ancarpower.com\/ca\/wp-json\/wp\/v2\/product\/2071","targetHints":{"allow":["GET"]}}],"collection":[{"href":"https:\/\/ancarpower.com\/ca\/wp-json\/wp\/v2\/product"}],"about":[{"href":"https:\/\/ancarpower.com\/ca\/wp-json\/wp\/v2\/types\/product"}],"replies":[{"embeddable":true,"href":"https:\/\/ancarpower.com\/ca\/wp-json\/wp\/v2\/comments?post=2071"}],"wp:featuredmedia":[{"embeddable":true,"href":"https:\/\/ancarpower.com\/ca\/wp-json\/wp\/v2\/media\/569"}],"wp:attachment":[{"href":"https:\/\/ancarpower.com\/ca\/wp-json\/wp\/v2\/media?parent=2071"}],"wp:term":[{"taxonomy":"product_brand","embeddable":true,"href":"https:\/\/ancarpower.com\/ca\/wp-json\/wp\/v2\/product_brand?post=2071"},{"taxonomy":"product_cat","embeddable":true,"href":"https:\/\/ancarpower.com\/ca\/wp-json\/wp\/v2\/product_cat?post=2071"},{"taxonomy":"product_tag","embeddable":true,"href":"https:\/\/ancarpower.com\/ca\/wp-json\/wp\/v2\/product_tag?post=2071"}],"curies":[{"name":"wp","href":"https:\/\/api.w.org\/{rel}","templated":true}]}}